{"id":257980,"date":"2024-09-29T11:40:42","date_gmt":"2024-09-29T11:40:42","guid":{"rendered":"https:\/\/irankiuzona.lt\/product\/magnetine-lekstute-292x270x40mm\/"},"modified":"2026-05-15T02:58:49","modified_gmt":"2026-05-15T02:58:49","slug":"magnetine-lekstute-292x270x40mm","status":"publish","type":"product","link":"https:\/\/irankiuzona.lt\/ru\/product\/magnetine-lekstute-292x270x40mm\/","title":{"rendered":"Magnetin\u0117 l\u0117k\u0161tut\u0117 292x270x40mm"},"content":{"rendered":"<p>Magnetin\u0117 l\u0117k\u0161tut\u0117 292x270x40mm<\/p>","protected":false},"excerpt":{"rendered":"<p>Magnetin\u0117 l\u0117k\u0161tut\u0117 292x270x40mm<\/p>","protected":false},"featured_media":257982,"comment_status":"open","ping_status":"open","template":"","meta":[],"product_cat":[9616],"product_tag":[10104],"class_list":{"0":"post-257980","1":"product","2":"type-product","3":"status-publish","4":"has-post-thumbnail","6":"product_brand-kraftdele","7":"product_cat-magnetines-lekstutes-magnetines-juostos","8":"product_tag-kraftdele","10":"first","11":"instock","12":"purchasable","13":"product-type-simple"},"jetpack_sharing_enabled":true,"_links":{"self":[{"href":"https:\/\/irankiuzona.lt\/ru\/wp-json\/wp\/v2\/product\/257980","targetHints":{"allow":["GET"]}}],"collection":[{"href":"https:\/\/irankiuzona.lt\/ru\/wp-json\/wp\/v2\/product"}],"about":[{"href":"https:\/\/irankiuzona.lt\/ru\/wp-json\/wp\/v2\/types\/product"}],"replies":[{"embeddable":true,"href":"https:\/\/irankiuzona.lt\/ru\/wp-json\/wp\/v2\/comments?post=257980"}],"version-history":[{"count":1,"href":"https:\/\/irankiuzona.lt\/ru\/wp-json\/wp\/v2\/product\/257980\/revisions"}],"predecessor-version":[{"id":421138,"href":"https:\/\/irankiuzona.lt\/ru\/wp-json\/wp\/v2\/product\/257980\/revisions\/421138"}],"wp:featuredmedia":[{"embeddable":true,"href":"https:\/\/irankiuzona.lt\/ru\/wp-json\/wp\/v2\/media\/257982"}],"wp:attachment":[{"href":"https:\/\/irankiuzona.lt\/ru\/wp-json\/wp\/v2\/media?parent=257980"}],"wp:term":[{"taxonomy":"product_cat","embeddable":true,"href":"https:\/\/irankiuzona.lt\/ru\/wp-json\/wp\/v2\/product_cat?post=257980"},{"taxonomy":"product_tag","embeddable":true,"href":"https:\/\/irankiuzona.lt\/ru\/wp-json\/wp\/v2\/product_tag?post=257980"}],"curies":[{"name":"wp","href":"https:\/\/api.w.org\/{rel}","templated":true}]}}