{"id":258067,"date":"2024-09-29T11:40:53","date_gmt":"2024-09-29T11:40:53","guid":{"rendered":"https:\/\/irankiuzona.lt\/product\/elektrine-traukimo-gerve-12v-su-pultu-4000w\/"},"modified":"2026-05-10T06:18:08","modified_gmt":"2026-05-10T06:18:08","slug":"elektrine-traukimo-gerve-12v-su-pultu-4000w","status":"publish","type":"product","link":"https:\/\/irankiuzona.lt\/ru\/product\/elektrine-traukimo-gerve-12v-su-pultu-4000w\/","title":{"rendered":"Elektrin\u0117  traukimo gerv\u0117 12V su pultu 4000W"},"content":{"rendered":"<p>Tai prietaisas, turintis 4,3 \u0422 traukimo j\u0117g\u0105. Tokios traukimo j\u0117gos d\u0117ka \u0161i\u0105 akumuliatorin\u0119 gerv\u0119 galima naudoti pa\u010diose ekstremaliausiose s\u0105lygose ir \u012fvairiomis sud\u0117tingomis oro s\u0105lygomis. Gerv\u0117 skirta saugiam traukimui, k\u0117limui ir nuleidimui sunkiasvori\u0173 objekt\u0173, toki\u0173 kaip:<\/p>\n<p>&#8211; varikliai;- statybin\u0117s ir apdailos med\u017eiagos;- sunk\u016bs instrumentai;- automobiliai ant evakuatoriaus.<br \/>\nGerv\u0117 pagaminta i\u0161\u00a0auk\u0161tos kokyb\u0117s med\u017eiag\u0173.\u00a0Patvarus metalinis korpusas padengtas specialiu sluoksniu, tod\u0117l apsaugotas nuo dr\u0117gm\u0117s ir ne\u0161varum\u0173, tam, kad eksploatacijos laikas b\u016bt\u0173 maksimaliai ilgas. \u012e komplekt\u0105 \u012feina lynas, kurio gale pritvirtintas kablys.<\/p>\n<p>Galingas variklis<br \/>\nKablys su saugikliu<br \/>\n3 pakop\u0173 planetarinis reduktorius<br \/>\nValdymo pultelis su kabeliu<br \/>\nNuotolinio valdymo pultelis<\/p>\n<p>TECHNINIAI DUOMENYS:\u00a0<\/p>\n<p>Gamintojas<br \/>\nKraft&#038;Dele<\/p>\n<p>Modelis<br \/>\nKD1564<\/p>\n<p>Maitinimas<br \/>\n12V<\/p>\n<p>Valdymas<br \/>\nValdymo pultelis su kabeliu; nuotolinio valdymo pultelis (veikimo diapazonas 30m)<\/p>\n<p>Variklis<br \/>\n\u00a04.0kw \/ 5.5hp<\/p>\n<p>Baterija<br \/>\n650CCA<\/p>\n<p>Maksimali trauka<br \/>\n\u00a04300kg, 9500lbs<\/p>\n<p>Stabdys<br \/>\n\u00a0Automati\u0161kai \u012fdiegtas \u012f b\u016bgn\u0105<\/p>\n<p>Reduktorius<br \/>\n3 pakop\u0173 planetarinis<\/p>\n<p>Pavaros santykis<br \/>\n158.2:1<\/p>\n<p>Valdymo pultelis su kabeliu<br \/>\n2m<\/p>\n<p>B\u016bgno dydis<\/p>\n<p>\u2300 64 x 224 mm<\/p>\n<p>Plieninis lynas<br \/>\n\u2300 8,3 mm x 28m<\/p>\n<p>I\u0161matavimai<br \/>\n537 x 160 x 183 mm<\/p>\n<p>Var\u017et\u0173 pad\u0117tis<br \/>\n254 mm \u0445 114,3 mm<\/p>\n<p>Svoris<br \/>\n38 kg<\/p>","protected":false},"excerpt":{"rendered":"<p>Elektrin\u0117\u00a0 traukimo gerv\u0117 12V su pultu 4000W<\/p>","protected":false},"featured_media":258069,"comment_status":"open","ping_status":"open","template":"","meta":[],"product_cat":[9766],"product_tag":[10104],"class_list":{"0":"post-258067","1":"product","2":"type-product","3":"status-publish","4":"has-post-thumbnail","6":"product_brand-kraftdele","7":"product_cat-elektriniai-telferiai-elektriniai-keltuvai","8":"product_tag-kraftdele","10":"first","11":"outofstock","12":"purchasable","13":"product-type-simple"},"jetpack_sharing_enabled":true,"_links":{"self":[{"href":"https:\/\/irankiuzona.lt\/ru\/wp-json\/wp\/v2\/product\/258067","targetHints":{"allow":["GET"]}}],"collection":[{"href":"https:\/\/irankiuzona.lt\/ru\/wp-json\/wp\/v2\/product"}],"about":[{"href":"https:\/\/irankiuzona.lt\/ru\/wp-json\/wp\/v2\/types\/product"}],"replies":[{"embeddable":true,"href":"https:\/\/irankiuzona.lt\/ru\/wp-json\/wp\/v2\/comments?post=258067"}],"version-history":[{"count":1,"href":"https:\/\/irankiuzona.lt\/ru\/wp-json\/wp\/v2\/product\/258067\/revisions"}],"predecessor-version":[{"id":421169,"href":"https:\/\/irankiuzona.lt\/ru\/wp-json\/wp\/v2\/product\/258067\/revisions\/421169"}],"wp:featuredmedia":[{"embeddable":true,"href":"https:\/\/irankiuzona.lt\/ru\/wp-json\/wp\/v2\/media\/258069"}],"wp:attachment":[{"href":"https:\/\/irankiuzona.lt\/ru\/wp-json\/wp\/v2\/media?parent=258067"}],"wp:term":[{"taxonomy":"product_cat","embeddable":true,"href":"https:\/\/irankiuzona.lt\/ru\/wp-json\/wp\/v2\/product_cat?post=258067"},{"taxonomy":"product_tag","embeddable":true,"href":"https:\/\/irankiuzona.lt\/ru\/wp-json\/wp\/v2\/product_tag?post=258067"}],"curies":[{"name":"wp","href":"https:\/\/api.w.org\/{rel}","templated":true}]}}