{"id":258105,"date":"2024-09-29T11:40:57","date_gmt":"2024-09-29T11:40:57","guid":{"rendered":"https:\/\/irankiuzona.lt\/product\/pneumo-zarna-riteje-30m\/"},"modified":"2026-05-16T16:11:38","modified_gmt":"2026-05-16T16:11:38","slug":"pneumo-zarna-riteje-30m","status":"publish","type":"product","link":"https:\/\/irankiuzona.lt\/ru\/product\/pneumo-zarna-riteje-30m\/","title":{"rendered":"Pneumo \u017earna rit\u0117je 30m"},"content":{"rendered":"<p>Tvirtas plastikinis korpusas<br \/>\nAtsparus UV spinduliams<br \/>\nApsaugo laid\u0105 nuo nusid\u0117v\u0117jimo<br \/>\n\u017darnos ilgis: 30 m<br \/>\nOro jungtis: 1\/4&quot;<br \/>\n\u012eleidimo \u017earnos ilgis: 2 m<br \/>\nDarbinis sl\u0117gis: 18 bar<br \/>\nMaksimalus darbinis sl\u0117gis: 24 bar<br \/>\nVidinis \u017earnos skersmuo: 9,5 mm<br \/>\nI\u0161orinis \u017earnos skersmuo: 15 mm<br \/>\n\u017darnos med\u017eiaga: sustiprinta PVC<br \/>\nDarbin\u0117 temperat\u016bra: nuo -5 iki + 45 \u00b0 C<\/p>","protected":false},"excerpt":{"rendered":"<p>Pneumo \u017earna rit\u0117je 30m<\/p>","protected":false},"featured_media":258107,"comment_status":"open","ping_status":"open","template":"","meta":[],"product_cat":[9657],"product_tag":[10104],"class_list":{"0":"post-258105","1":"product","2":"type-product","3":"status-publish","4":"has-post-thumbnail","6":"product_brand-kraftdele","7":"product_cat-pneumatines-oro-zarnos","8":"product_tag-kraftdele","10":"first","11":"outofstock","12":"purchasable","13":"product-type-simple"},"jetpack_sharing_enabled":true,"_links":{"self":[{"href":"https:\/\/irankiuzona.lt\/ru\/wp-json\/wp\/v2\/product\/258105","targetHints":{"allow":["GET"]}}],"collection":[{"href":"https:\/\/irankiuzona.lt\/ru\/wp-json\/wp\/v2\/product"}],"about":[{"href":"https:\/\/irankiuzona.lt\/ru\/wp-json\/wp\/v2\/types\/product"}],"replies":[{"embeddable":true,"href":"https:\/\/irankiuzona.lt\/ru\/wp-json\/wp\/v2\/comments?post=258105"}],"version-history":[{"count":1,"href":"https:\/\/irankiuzona.lt\/ru\/wp-json\/wp\/v2\/product\/258105\/revisions"}],"predecessor-version":[{"id":421183,"href":"https:\/\/irankiuzona.lt\/ru\/wp-json\/wp\/v2\/product\/258105\/revisions\/421183"}],"wp:featuredmedia":[{"embeddable":true,"href":"https:\/\/irankiuzona.lt\/ru\/wp-json\/wp\/v2\/media\/258107"}],"wp:attachment":[{"href":"https:\/\/irankiuzona.lt\/ru\/wp-json\/wp\/v2\/media?parent=258105"}],"wp:term":[{"taxonomy":"product_cat","embeddable":true,"href":"https:\/\/irankiuzona.lt\/ru\/wp-json\/wp\/v2\/product_cat?post=258105"},{"taxonomy":"product_tag","embeddable":true,"href":"https:\/\/irankiuzona.lt\/ru\/wp-json\/wp\/v2\/product_tag?post=258105"}],"curies":[{"name":"wp","href":"https:\/\/api.w.org\/{rel}","templated":true}]}}