{"id":258111,"date":"2024-09-29T11:40:58","date_gmt":"2024-09-29T11:40:58","guid":{"rendered":"https:\/\/irankiuzona.lt\/product\/paieskos-magnetas-dvipusis100kg20m-virve\/"},"modified":"2026-05-16T12:51:45","modified_gmt":"2026-05-16T12:51:45","slug":"paieskos-magnetas-dvipusis100kg20m-virve","status":"publish","type":"product","link":"https:\/\/irankiuzona.lt\/ru\/product\/paieskos-magnetas-dvipusis100kg20m-virve\/","title":{"rendered":"Paie\u0161kos magnetas dvipusis100kg+20m virv\u0117"},"content":{"rendered":"<p>Magnetas vandens telkiniui. Ilg\u0105 laik\u0105 i\u0161laikys gelm\u0117je rast\u0105 daikt\u0105 ir leis saugiai\u00a0i\u0161kelti j\u012f i\u0161 vandens.\u00a0Su \u0161io magneto pagalba i\u0161 vandens galima i\u0161traukti stambius gele\u017einius daiktus \u2013 armat\u016br\u0105,\u00a0gele\u017eies \u0161iuk\u0161les ir pan.Paie\u0161kos magnetas yra daugiafunkcinis. Su jo pagalba lengva surinkti metalo \u0161iuk\u0161les ruo\u017ee po statyb\u0173 arba namo nugriovimo, paimti i\u0161 sunkiai pasiekiam\u0173 viet\u0173 daiktus i\u0161 \u00a0feromagnetini\u0173 lydini\u0173.<\/p>\n<p>Rinkinyje:\u00a0<\/p>\n<p>Magnetas 100kg 1vnt<br \/>\nVar\u017etas &#8211; kilpa 2vnt<br \/>\nKarabinas\u00a0 1vnt<br \/>\nVirv\u0117 20 metr\u0173<\/p>\n<p>I\u0161matavimai:\u00a0<\/p>\n<p>Skersmuo\u00a048 mm<br \/>\nStoris 18mm<\/p>\n<p>Svoris: apie 300g.<\/p>","protected":false},"excerpt":{"rendered":"<p>Magnetinis laikiklis dvipusis100kg+20m virv\u0117<\/p>","protected":false},"featured_media":258113,"comment_status":"open","ping_status":"open","template":"","meta":[],"product_cat":[10124],"product_tag":[10104],"class_list":{"0":"post-258111","1":"product","2":"type-product","3":"status-publish","4":"has-post-thumbnail","6":"product_brand-kraftdele","7":"product_cat-medzio-metalo-ir-betono-apdirbimo-irankiai","8":"product_tag-kraftdele","10":"first","11":"instock","12":"purchasable","13":"product-type-simple"},"jetpack_sharing_enabled":true,"_links":{"self":[{"href":"https:\/\/irankiuzona.lt\/ru\/wp-json\/wp\/v2\/product\/258111","targetHints":{"allow":["GET"]}}],"collection":[{"href":"https:\/\/irankiuzona.lt\/ru\/wp-json\/wp\/v2\/product"}],"about":[{"href":"https:\/\/irankiuzona.lt\/ru\/wp-json\/wp\/v2\/types\/product"}],"replies":[{"embeddable":true,"href":"https:\/\/irankiuzona.lt\/ru\/wp-json\/wp\/v2\/comments?post=258111"}],"version-history":[{"count":1,"href":"https:\/\/irankiuzona.lt\/ru\/wp-json\/wp\/v2\/product\/258111\/revisions"}],"predecessor-version":[{"id":421185,"href":"https:\/\/irankiuzona.lt\/ru\/wp-json\/wp\/v2\/product\/258111\/revisions\/421185"}],"wp:featuredmedia":[{"embeddable":true,"href":"https:\/\/irankiuzona.lt\/ru\/wp-json\/wp\/v2\/media\/258113"}],"wp:attachment":[{"href":"https:\/\/irankiuzona.lt\/ru\/wp-json\/wp\/v2\/media?parent=258111"}],"wp:term":[{"taxonomy":"product_cat","embeddable":true,"href":"https:\/\/irankiuzona.lt\/ru\/wp-json\/wp\/v2\/product_cat?post=258111"},{"taxonomy":"product_tag","embeddable":true,"href":"https:\/\/irankiuzona.lt\/ru\/wp-json\/wp\/v2\/product_tag?post=258111"}],"curies":[{"name":"wp","href":"https:\/\/api.w.org\/{rel}","templated":true}]}}