{"id":258120,"date":"2024-09-29T11:40:59","date_gmt":"2024-09-29T11:40:59","guid":{"rendered":"https:\/\/irankiuzona.lt\/product\/oro-srauto-reguliatorius1-2-su-filtru-ir-tepaline\/"},"modified":"2026-05-16T12:51:45","modified_gmt":"2026-05-16T12:51:45","slug":"oro-srauto-reguliatorius1-2-su-filtru-ir-tepaline","status":"publish","type":"product","link":"https:\/\/irankiuzona.lt\/ru\/product\/oro-srauto-reguliatorius1-2-su-filtru-ir-tepaline\/","title":{"rendered":"Oro srauto reguliatorius1\/2 su filtru ir tepaline"},"content":{"rendered":"<p>Techniniai duomenys:Auk\u0161tis: 165 mm<br \/>\nPlotis: 120 mm<br \/>\nSkys\u010dio ir aplinkos temperat\u016bra: -4 \u00b0C &#8211; 60 \u00b0C<br \/>\nVo\u017etuvo tipas: srauto vo\u017etuvas<br \/>\n0,040 mm (40 mikron\u0173)1\/2 &quot;Maksimalus \u012f\u0117jimo sl\u0117gis: 10,0 bar<br \/>\nMaksimaliai : 1000 l\/min<\/p>","protected":false},"excerpt":{"rendered":"<p>Oro srauto reguliatorius1\/2 su filtru ir tepaline<\/p>","protected":false},"featured_media":258122,"comment_status":"open","ping_status":"open","template":"","meta":[],"product_cat":[9706],"product_tag":[10104],"class_list":{"0":"post-258120","1":"product","2":"type-product","3":"status-publish","4":"has-post-thumbnail","6":"product_brand-kraftdele","7":"product_cat-oro-srauto-reguliatoriai-tepalines-dregmes-surinkejai","8":"product_tag-kraftdele","10":"first","11":"instock","12":"purchasable","13":"product-type-simple"},"jetpack_sharing_enabled":true,"_links":{"self":[{"href":"https:\/\/irankiuzona.lt\/ru\/wp-json\/wp\/v2\/product\/258120","targetHints":{"allow":["GET"]}}],"collection":[{"href":"https:\/\/irankiuzona.lt\/ru\/wp-json\/wp\/v2\/product"}],"about":[{"href":"https:\/\/irankiuzona.lt\/ru\/wp-json\/wp\/v2\/types\/product"}],"replies":[{"embeddable":true,"href":"https:\/\/irankiuzona.lt\/ru\/wp-json\/wp\/v2\/comments?post=258120"}],"version-history":[{"count":1,"href":"https:\/\/irankiuzona.lt\/ru\/wp-json\/wp\/v2\/product\/258120\/revisions"}],"predecessor-version":[{"id":421188,"href":"https:\/\/irankiuzona.lt\/ru\/wp-json\/wp\/v2\/product\/258120\/revisions\/421188"}],"wp:featuredmedia":[{"embeddable":true,"href":"https:\/\/irankiuzona.lt\/ru\/wp-json\/wp\/v2\/media\/258122"}],"wp:attachment":[{"href":"https:\/\/irankiuzona.lt\/ru\/wp-json\/wp\/v2\/media?parent=258120"}],"wp:term":[{"taxonomy":"product_cat","embeddable":true,"href":"https:\/\/irankiuzona.lt\/ru\/wp-json\/wp\/v2\/product_cat?post=258120"},{"taxonomy":"product_tag","embeddable":true,"href":"https:\/\/irankiuzona.lt\/ru\/wp-json\/wp\/v2\/product_tag?post=258120"}],"curies":[{"name":"wp","href":"https:\/\/api.w.org\/{rel}","templated":true}]}}