{"id":258129,"date":"2024-09-29T11:41:00","date_gmt":"2024-09-29T11:41:00","guid":{"rendered":"https:\/\/irankiuzona.lt\/product\/nuemejas-pusmenulio-formos-2-30-50mm\/"},"modified":"2026-04-13T09:44:59","modified_gmt":"2026-04-13T09:44:59","slug":"nuemejas-pusmenulio-formos-2-30-50mm","status":"publish","type":"product","link":"https:\/\/irankiuzona.lt\/ru\/product\/nuemejas-pusmenulio-formos-2-30-50mm\/","title":{"rendered":"Nu\u0117m\u0117jas pusm\u0117nulio formos 2&#8221; 30-50mm"},"content":{"rendered":"<p>Pusm\u0117nulio formos\u00a0guolio nu\u0117m\u0117jas skirtas guoli\u0173, pavar\u0173, skriemuli\u0173 ir pan.\u00a0nu\u0117mimui,\u00a0kai ne\u012fmanoma naudoti nu\u0117m\u0117jus su kojomis.<br \/>\nI\u0161skleidimas: 30-50mm<br \/>\nSvoris: 1,0 kg<\/p>","protected":false},"excerpt":{"rendered":"<p>Nu\u0117m\u0117jas pusm\u0117nulio formos 2&#8221; 30-50mm<\/p>","protected":false},"featured_media":258131,"comment_status":"open","ping_status":"open","template":"","meta":[],"product_cat":[9536],"product_tag":[10104],"class_list":{"0":"post-258129","1":"product","2":"type-product","3":"status-publish","4":"has-post-thumbnail","6":"product_brand-kraftdele","7":"product_cat-lygiagretus-nuemejai-atskyrejai-pusmenuliai","8":"product_tag-kraftdele","10":"first","11":"instock","12":"purchasable","13":"product-type-simple"},"jetpack_sharing_enabled":true,"_links":{"self":[{"href":"https:\/\/irankiuzona.lt\/ru\/wp-json\/wp\/v2\/product\/258129","targetHints":{"allow":["GET"]}}],"collection":[{"href":"https:\/\/irankiuzona.lt\/ru\/wp-json\/wp\/v2\/product"}],"about":[{"href":"https:\/\/irankiuzona.lt\/ru\/wp-json\/wp\/v2\/types\/product"}],"replies":[{"embeddable":true,"href":"https:\/\/irankiuzona.lt\/ru\/wp-json\/wp\/v2\/comments?post=258129"}],"version-history":[{"count":1,"href":"https:\/\/irankiuzona.lt\/ru\/wp-json\/wp\/v2\/product\/258129\/revisions"}],"predecessor-version":[{"id":421191,"href":"https:\/\/irankiuzona.lt\/ru\/wp-json\/wp\/v2\/product\/258129\/revisions\/421191"}],"wp:featuredmedia":[{"embeddable":true,"href":"https:\/\/irankiuzona.lt\/ru\/wp-json\/wp\/v2\/media\/258131"}],"wp:attachment":[{"href":"https:\/\/irankiuzona.lt\/ru\/wp-json\/wp\/v2\/media?parent=258129"}],"wp:term":[{"taxonomy":"product_cat","embeddable":true,"href":"https:\/\/irankiuzona.lt\/ru\/wp-json\/wp\/v2\/product_cat?post=258129"},{"taxonomy":"product_tag","embeddable":true,"href":"https:\/\/irankiuzona.lt\/ru\/wp-json\/wp\/v2\/product_tag?post=258129"}],"curies":[{"name":"wp","href":"https:\/\/api.w.org\/{rel}","templated":true}]}}