{"id":258141,"date":"2024-09-29T11:41:01","date_gmt":"2024-09-29T11:41:01","guid":{"rendered":"https:\/\/irankiuzona.lt\/product\/ilgu-galvuciu-komplektas-3-8-6k-10-19mm\/"},"modified":"2026-04-12T19:54:08","modified_gmt":"2026-04-12T19:54:08","slug":"ilgu-galvuciu-komplektas-3-8-6k-10-19mm","status":"publish","type":"product","link":"https:\/\/irankiuzona.lt\/ru\/product\/ilgu-galvuciu-komplektas-3-8-6k-10-19mm\/","title":{"rendered":"Ilg\u0173 galvu\u010di\u0173 komplektas 3\/8&quot; 6k. 10-19mm"},"content":{"rendered":"<p>&#8211; 10 mm\u00a0galvut\u0117 &#8211; 3\/8 &quot;- 11 mm galvut\u0117- 3\/8 &quot;- 12 mm galvut\u0117 &#8211; 3\/8 &quot;- 13 mm\u00a0galvut\u0117 &#8211; 3\/8 &quot;- 14 mm\u00a0galvut\u0117 &#8211; 3\/8 &quot;- 15 mm\u00a0galvut\u0117 &#8211; 3\/8 &quot;- 16 mm\u00a0galvut\u0117 &#8211; 3\/8 &quot;- 17 mm\u00a0galvut\u0117 &#8211; 3\/8 &quot;- 19 mm\u00a0galvut\u0117 &#8211; 3\/8 &quot;<\/p>","protected":false},"excerpt":{"rendered":"<p>Ilg\u0173 galvu\u010di\u0173 komplektas 3\/8&quot; 6k. 10-19mm<\/p>","protected":false},"featured_media":258143,"comment_status":"open","ping_status":"open","template":"","meta":[],"product_cat":[9883],"product_tag":[10104],"class_list":{"0":"post-258141","1":"product","2":"type-product","3":"status-publish","4":"has-post-thumbnail","6":"product_brand-kraftdele","7":"product_cat-3-8-10-mm-sesiakampes-galvutes","8":"product_tag-kraftdele","10":"first","11":"outofstock","12":"purchasable","13":"product-type-simple"},"jetpack_sharing_enabled":true,"_links":{"self":[{"href":"https:\/\/irankiuzona.lt\/ru\/wp-json\/wp\/v2\/product\/258141","targetHints":{"allow":["GET"]}}],"collection":[{"href":"https:\/\/irankiuzona.lt\/ru\/wp-json\/wp\/v2\/product"}],"about":[{"href":"https:\/\/irankiuzona.lt\/ru\/wp-json\/wp\/v2\/types\/product"}],"replies":[{"embeddable":true,"href":"https:\/\/irankiuzona.lt\/ru\/wp-json\/wp\/v2\/comments?post=258141"}],"version-history":[{"count":1,"href":"https:\/\/irankiuzona.lt\/ru\/wp-json\/wp\/v2\/product\/258141\/revisions"}],"predecessor-version":[{"id":421195,"href":"https:\/\/irankiuzona.lt\/ru\/wp-json\/wp\/v2\/product\/258141\/revisions\/421195"}],"wp:featuredmedia":[{"embeddable":true,"href":"https:\/\/irankiuzona.lt\/ru\/wp-json\/wp\/v2\/media\/258143"}],"wp:attachment":[{"href":"https:\/\/irankiuzona.lt\/ru\/wp-json\/wp\/v2\/media?parent=258141"}],"wp:term":[{"taxonomy":"product_cat","embeddable":true,"href":"https:\/\/irankiuzona.lt\/ru\/wp-json\/wp\/v2\/product_cat?post=258141"},{"taxonomy":"product_tag","embeddable":true,"href":"https:\/\/irankiuzona.lt\/ru\/wp-json\/wp\/v2\/product_tag?post=258141"}],"curies":[{"name":"wp","href":"https:\/\/api.w.org\/{rel}","templated":true}]}}