{"id":258144,"date":"2024-09-29T11:41:03","date_gmt":"2024-09-29T11:41:03","guid":{"rendered":"https:\/\/irankiuzona.lt\/product\/irankis-kebulo-ilenkimams-lyginti-21\/"},"modified":"2026-04-12T18:46:39","modified_gmt":"2026-04-12T18:46:39","slug":"irankis-kebulo-ilenkimams-lyginti-21","status":"publish","type":"product","link":"https:\/\/irankiuzona.lt\/ru\/product\/irankis-kebulo-ilenkimams-lyginti-21\/","title":{"rendered":"\u012erankis k\u0117bulo \u012flenkimams lyginti *21"},"content":{"rendered":"<p>Atbulinis plaktukas<br \/>\n5 vnt. m\u0117lynos pagalv\u0117l\u0117s<br \/>\n4 vnt. geltonos pagalv\u0117l\u0117s<br \/>\n10 vnt. raudon\u0173\u00a0pagalv\u0117li\u0173<\/p>","protected":false},"excerpt":{"rendered":"<p>\u012erankis k\u0117bulo \u012flenkimams lyginti *21<\/p>","protected":false},"featured_media":258146,"comment_status":"open","ping_status":"open","template":"","meta":[],"product_cat":[9556],"product_tag":[10104],"class_list":{"0":"post-258144","1":"product","2":"type-product","3":"status-publish","4":"has-post-thumbnail","6":"product_brand-kraftdele","7":"product_cat-irankiai-kebulo-lyginimui","8":"product_tag-kraftdele","10":"first","11":"instock","12":"purchasable","13":"product-type-simple"},"jetpack_sharing_enabled":true,"_links":{"self":[{"href":"https:\/\/irankiuzona.lt\/ru\/wp-json\/wp\/v2\/product\/258144","targetHints":{"allow":["GET"]}}],"collection":[{"href":"https:\/\/irankiuzona.lt\/ru\/wp-json\/wp\/v2\/product"}],"about":[{"href":"https:\/\/irankiuzona.lt\/ru\/wp-json\/wp\/v2\/types\/product"}],"replies":[{"embeddable":true,"href":"https:\/\/irankiuzona.lt\/ru\/wp-json\/wp\/v2\/comments?post=258144"}],"version-history":[{"count":1,"href":"https:\/\/irankiuzona.lt\/ru\/wp-json\/wp\/v2\/product\/258144\/revisions"}],"predecessor-version":[{"id":421196,"href":"https:\/\/irankiuzona.lt\/ru\/wp-json\/wp\/v2\/product\/258144\/revisions\/421196"}],"wp:featuredmedia":[{"embeddable":true,"href":"https:\/\/irankiuzona.lt\/ru\/wp-json\/wp\/v2\/media\/258146"}],"wp:attachment":[{"href":"https:\/\/irankiuzona.lt\/ru\/wp-json\/wp\/v2\/media?parent=258144"}],"wp:term":[{"taxonomy":"product_cat","embeddable":true,"href":"https:\/\/irankiuzona.lt\/ru\/wp-json\/wp\/v2\/product_cat?post=258144"},{"taxonomy":"product_tag","embeddable":true,"href":"https:\/\/irankiuzona.lt\/ru\/wp-json\/wp\/v2\/product_tag?post=258144"}],"curies":[{"name":"wp","href":"https:\/\/api.w.org\/{rel}","templated":true}]}}