{"id":258159,"date":"2024-09-29T11:50:04","date_gmt":"2024-09-29T11:50:04","guid":{"rendered":"https:\/\/irankiuzona.lt\/product\/sugadintu-varztu-atsukejai-10vnt-9-19mm-trumpi\/"},"modified":"2026-04-13T15:41:01","modified_gmt":"2026-04-13T15:41:01","slug":"sugadintu-varztu-atsukejai-10vnt-9-19mm-trumpi","status":"publish","type":"product","link":"https:\/\/irankiuzona.lt\/ru\/product\/sugadintu-varztu-atsukejai-10vnt-9-19mm-trumpi\/","title":{"rendered":"Sugadint\u0173 var\u017et\u0173 atsuk\u0117jai 10VNT 9-19MM trumpi"},"content":{"rendered":"<p>Skirta atlaisvinti ir atsukti u\u017ever\u017etas ver\u017eles ir var\u017etus su pa\u017eeistais sriegiais\/galvute<br \/>\nSpecialus kairinio susukimo 6 bang\u0173 vidinis pavir\u0161ius konuso formos<br \/>\nNaudojama su terk\u0161le ar ver\u017el\u0117rak\u010diu<br \/>\nMatmenys: 9-10-11-12-13-14-15-16-17-19 mm<br \/>\nPrailgintojas 7x90mm<\/p>","protected":false},"excerpt":{"rendered":"<p>Sugadint\u0173 var\u017et\u0173 atsuk\u0117jai 10VNT 9-19MM trumpi<\/p>","protected":false},"featured_media":258161,"comment_status":"open","ping_status":"open","template":"","meta":[],"product_cat":[9557],"product_tag":[10104],"class_list":{"0":"post-258159","1":"product","2":"type-product","3":"status-publish","4":"has-post-thumbnail","6":"product_brand-kraftdele","7":"product_cat-nulauztu-varztu-issukimo-irankiai","8":"product_tag-kraftdele","10":"first","11":"outofstock","12":"purchasable","13":"product-type-simple"},"jetpack_sharing_enabled":true,"_links":{"self":[{"href":"https:\/\/irankiuzona.lt\/ru\/wp-json\/wp\/v2\/product\/258159","targetHints":{"allow":["GET"]}}],"collection":[{"href":"https:\/\/irankiuzona.lt\/ru\/wp-json\/wp\/v2\/product"}],"about":[{"href":"https:\/\/irankiuzona.lt\/ru\/wp-json\/wp\/v2\/types\/product"}],"replies":[{"embeddable":true,"href":"https:\/\/irankiuzona.lt\/ru\/wp-json\/wp\/v2\/comments?post=258159"}],"version-history":[{"count":1,"href":"https:\/\/irankiuzona.lt\/ru\/wp-json\/wp\/v2\/product\/258159\/revisions"}],"predecessor-version":[{"id":421201,"href":"https:\/\/irankiuzona.lt\/ru\/wp-json\/wp\/v2\/product\/258159\/revisions\/421201"}],"wp:featuredmedia":[{"embeddable":true,"href":"https:\/\/irankiuzona.lt\/ru\/wp-json\/wp\/v2\/media\/258161"}],"wp:attachment":[{"href":"https:\/\/irankiuzona.lt\/ru\/wp-json\/wp\/v2\/media?parent=258159"}],"wp:term":[{"taxonomy":"product_cat","embeddable":true,"href":"https:\/\/irankiuzona.lt\/ru\/wp-json\/wp\/v2\/product_cat?post=258159"},{"taxonomy":"product_tag","embeddable":true,"href":"https:\/\/irankiuzona.lt\/ru\/wp-json\/wp\/v2\/product_tag?post=258159"}],"curies":[{"name":"wp","href":"https:\/\/api.w.org\/{rel}","templated":true}]}}