{"id":258188,"date":"2024-09-29T11:50:08","date_gmt":"2024-09-29T11:50:08","guid":{"rendered":"https:\/\/irankiuzona.lt\/product\/pusmenulio-formos-nuemeju-komplektas-14vnt\/"},"modified":"2026-04-13T07:27:45","modified_gmt":"2026-04-13T07:27:45","slug":"pusmenulio-formos-nuemeju-komplektas-14vnt","status":"publish","type":"product","link":"https:\/\/irankiuzona.lt\/ru\/product\/pusmenulio-formos-nuemeju-komplektas-14vnt\/","title":{"rendered":"Pusm\u0117nulio formos nu\u0117m\u0117j\u0173 komplektas 14vnt."},"content":{"rendered":"","protected":false},"excerpt":{"rendered":"<p>Pusm\u0117nulio formos nu\u0117m\u0117j\u0173 komplektas 14vnt.<\/p>","protected":false},"featured_media":258190,"comment_status":"open","ping_status":"open","template":"","meta":[],"product_cat":[9536],"product_tag":[10104],"class_list":{"0":"post-258188","1":"product","2":"type-product","3":"status-publish","4":"has-post-thumbnail","6":"product_brand-kraftdele","7":"product_cat-lygiagretus-nuemejai-atskyrejai-pusmenuliai","8":"product_tag-kraftdele","10":"first","11":"instock","12":"purchasable","13":"product-type-simple"},"jetpack_sharing_enabled":true,"_links":{"self":[{"href":"https:\/\/irankiuzona.lt\/ru\/wp-json\/wp\/v2\/product\/258188","targetHints":{"allow":["GET"]}}],"collection":[{"href":"https:\/\/irankiuzona.lt\/ru\/wp-json\/wp\/v2\/product"}],"about":[{"href":"https:\/\/irankiuzona.lt\/ru\/wp-json\/wp\/v2\/types\/product"}],"replies":[{"embeddable":true,"href":"https:\/\/irankiuzona.lt\/ru\/wp-json\/wp\/v2\/comments?post=258188"}],"version-history":[{"count":1,"href":"https:\/\/irankiuzona.lt\/ru\/wp-json\/wp\/v2\/product\/258188\/revisions"}],"predecessor-version":[{"id":421211,"href":"https:\/\/irankiuzona.lt\/ru\/wp-json\/wp\/v2\/product\/258188\/revisions\/421211"}],"wp:featuredmedia":[{"embeddable":true,"href":"https:\/\/irankiuzona.lt\/ru\/wp-json\/wp\/v2\/media\/258190"}],"wp:attachment":[{"href":"https:\/\/irankiuzona.lt\/ru\/wp-json\/wp\/v2\/media?parent=258188"}],"wp:term":[{"taxonomy":"product_cat","embeddable":true,"href":"https:\/\/irankiuzona.lt\/ru\/wp-json\/wp\/v2\/product_cat?post=258188"},{"taxonomy":"product_tag","embeddable":true,"href":"https:\/\/irankiuzona.lt\/ru\/wp-json\/wp\/v2\/product_tag?post=258188"}],"curies":[{"name":"wp","href":"https:\/\/api.w.org\/{rel}","templated":true}]}}