{"id":258194,"date":"2024-09-29T11:50:08","date_gmt":"2024-09-29T11:50:08","guid":{"rendered":"https:\/\/irankiuzona.lt\/product\/kampinis-slifuoklis-125mm-1150w\/"},"modified":"2026-04-11T20:49:56","modified_gmt":"2026-04-11T20:49:56","slug":"kampinis-slifuoklis-125mm-1150w","status":"publish","type":"product","link":"https:\/\/irankiuzona.lt\/ru\/product\/kampinis-slifuoklis-125mm-1150w\/","title":{"rendered":"Kampinis \u0161lifuoklis 125mm 1150W"},"content":{"rendered":"<p>\u012etampa: 230VCiferblato dydis: 125 mmGreitis be apkrovos: 12000minGalia: 1150WIzoliacijos klas\u0117: II klas\u0117<\/p>","protected":false},"excerpt":{"rendered":"<p>Kampinis \u0161lifuoklis 125mm 1150W<\/p>","protected":false},"featured_media":258196,"comment_status":"open","ping_status":"open","template":"","meta":[],"product_cat":[9648],"product_tag":[10104],"class_list":{"0":"post-258194","1":"product","2":"type-product","3":"status-publish","4":"has-post-thumbnail","6":"product_brand-kraftdele","7":"product_cat-kampiniai-slifuokliai","8":"product_tag-kraftdele","10":"first","11":"outofstock","12":"purchasable","13":"product-type-simple"},"jetpack_sharing_enabled":true,"_links":{"self":[{"href":"https:\/\/irankiuzona.lt\/ru\/wp-json\/wp\/v2\/product\/258194","targetHints":{"allow":["GET"]}}],"collection":[{"href":"https:\/\/irankiuzona.lt\/ru\/wp-json\/wp\/v2\/product"}],"about":[{"href":"https:\/\/irankiuzona.lt\/ru\/wp-json\/wp\/v2\/types\/product"}],"replies":[{"embeddable":true,"href":"https:\/\/irankiuzona.lt\/ru\/wp-json\/wp\/v2\/comments?post=258194"}],"version-history":[{"count":1,"href":"https:\/\/irankiuzona.lt\/ru\/wp-json\/wp\/v2\/product\/258194\/revisions"}],"predecessor-version":[{"id":421213,"href":"https:\/\/irankiuzona.lt\/ru\/wp-json\/wp\/v2\/product\/258194\/revisions\/421213"}],"wp:featuredmedia":[{"embeddable":true,"href":"https:\/\/irankiuzona.lt\/ru\/wp-json\/wp\/v2\/media\/258196"}],"wp:attachment":[{"href":"https:\/\/irankiuzona.lt\/ru\/wp-json\/wp\/v2\/media?parent=258194"}],"wp:term":[{"taxonomy":"product_cat","embeddable":true,"href":"https:\/\/irankiuzona.lt\/ru\/wp-json\/wp\/v2\/product_cat?post=258194"},{"taxonomy":"product_tag","embeddable":true,"href":"https:\/\/irankiuzona.lt\/ru\/wp-json\/wp\/v2\/product_tag?post=258194"}],"curies":[{"name":"wp","href":"https:\/\/api.w.org\/{rel}","templated":true}]}}