{"id":258207,"date":"2024-09-29T11:50:10","date_gmt":"2024-09-29T11:50:10","guid":{"rendered":"https:\/\/irankiuzona.lt\/product\/giljotina-metalinei-skardai-8\/"},"modified":"2026-04-14T18:37:33","modified_gmt":"2026-04-14T18:37:33","slug":"giljotina-metalinei-skardai-8","status":"publish","type":"product","link":"https:\/\/irankiuzona.lt\/ru\/product\/giljotina-metalinei-skardai-8\/","title":{"rendered":"Giljotina metalinei skardai 8&#8221;"},"content":{"rendered":"<p>Rankin\u0117s \u017eirkl\u0117s lak\u0161tiniam metalui skirtos tiksliam \u012fvairi\u0173 med\u017eiag\u0173 pjovimui: plieno lak\u0161tai, apvalus plienas, plieniniai strypai ir pan. Puikiai tinka dirbtuv\u0117ms, remonto bei montavimo darbams. Reguliuojamas spaudimo auk\u0161tis u\u017etikrina saug\u0173 med\u017eiagos pritvirtinim\u0105. Korpusas pagamintas i\u0161 plienini\u0173 plok\u0161\u010di\u0173, o patogi giljotinos forma palengvina lapo jud\u0117jim\u0105 darbo metu. Peilio ilgis 200 mm.<\/p>","protected":false},"excerpt":{"rendered":"<p>Giljotina metalinei skardai 8&#8221;<\/p>","protected":false},"featured_media":258209,"comment_status":"open","ping_status":"open","template":"","meta":[],"product_cat":[9968],"product_tag":[10104],"class_list":{"0":"post-258207","1":"product","2":"type-product","3":"status-publish","4":"has-post-thumbnail","6":"product_brand-kraftdele","7":"product_cat-stakles-metalo-apdirbimui","8":"product_tag-kraftdele","10":"first","11":"instock","12":"purchasable","13":"product-type-simple"},"jetpack_sharing_enabled":true,"_links":{"self":[{"href":"https:\/\/irankiuzona.lt\/ru\/wp-json\/wp\/v2\/product\/258207","targetHints":{"allow":["GET"]}}],"collection":[{"href":"https:\/\/irankiuzona.lt\/ru\/wp-json\/wp\/v2\/product"}],"about":[{"href":"https:\/\/irankiuzona.lt\/ru\/wp-json\/wp\/v2\/types\/product"}],"replies":[{"embeddable":true,"href":"https:\/\/irankiuzona.lt\/ru\/wp-json\/wp\/v2\/comments?post=258207"}],"version-history":[{"count":1,"href":"https:\/\/irankiuzona.lt\/ru\/wp-json\/wp\/v2\/product\/258207\/revisions"}],"predecessor-version":[{"id":421218,"href":"https:\/\/irankiuzona.lt\/ru\/wp-json\/wp\/v2\/product\/258207\/revisions\/421218"}],"wp:featuredmedia":[{"embeddable":true,"href":"https:\/\/irankiuzona.lt\/ru\/wp-json\/wp\/v2\/media\/258209"}],"wp:attachment":[{"href":"https:\/\/irankiuzona.lt\/ru\/wp-json\/wp\/v2\/media?parent=258207"}],"wp:term":[{"taxonomy":"product_cat","embeddable":true,"href":"https:\/\/irankiuzona.lt\/ru\/wp-json\/wp\/v2\/product_cat?post=258207"},{"taxonomy":"product_tag","embeddable":true,"href":"https:\/\/irankiuzona.lt\/ru\/wp-json\/wp\/v2\/product_tag?post=258207"}],"curies":[{"name":"wp","href":"https:\/\/api.w.org\/{rel}","templated":true}]}}