{"id":258266,"date":"2024-09-29T11:50:17","date_gmt":"2024-09-29T11:50:17","guid":{"rendered":"https:\/\/irankiuzona.lt\/product\/grandines-atskirimo-ir-kniedijimo-irankis\/"},"modified":"2026-05-16T16:11:44","modified_gmt":"2026-05-16T16:11:44","slug":"grandines-atskirimo-ir-kniedijimo-irankis","status":"publish","type":"product","link":"https:\/\/irankiuzona.lt\/ru\/product\/grandines-atskirimo-ir-kniedijimo-irankis\/","title":{"rendered":"Grandin\u0117s atskirimo ir kniedijimo \u012frankis"},"content":{"rendered":"<p>Element\u0173 skai\u010dius: 13<br \/>\nMed\u017eiaga: plienas, aliuminis<br \/>\nSvoris: apie 1,5 kg<\/p>","protected":false},"excerpt":{"rendered":"<p>Grandin\u0117s atskirimo ir kniedijimo \u012frankis<\/p>","protected":false},"featured_media":258268,"comment_status":"open","ping_status":"open","template":"","meta":[],"product_cat":[9704],"product_tag":[10104],"class_list":{"0":"post-258266","1":"product","2":"type-product","3":"status-publish","4":"has-post-thumbnail","6":"product_brand-kraftdele","7":"product_cat-grandines-sujungimo-atskyrimo-komplektai","8":"product_tag-kraftdele","10":"first","11":"instock","12":"purchasable","13":"product-type-simple"},"jetpack_sharing_enabled":true,"_links":{"self":[{"href":"https:\/\/irankiuzona.lt\/ru\/wp-json\/wp\/v2\/product\/258266","targetHints":{"allow":["GET"]}}],"collection":[{"href":"https:\/\/irankiuzona.lt\/ru\/wp-json\/wp\/v2\/product"}],"about":[{"href":"https:\/\/irankiuzona.lt\/ru\/wp-json\/wp\/v2\/types\/product"}],"replies":[{"embeddable":true,"href":"https:\/\/irankiuzona.lt\/ru\/wp-json\/wp\/v2\/comments?post=258266"}],"version-history":[{"count":1,"href":"https:\/\/irankiuzona.lt\/ru\/wp-json\/wp\/v2\/product\/258266\/revisions"}],"predecessor-version":[{"id":421238,"href":"https:\/\/irankiuzona.lt\/ru\/wp-json\/wp\/v2\/product\/258266\/revisions\/421238"}],"wp:featuredmedia":[{"embeddable":true,"href":"https:\/\/irankiuzona.lt\/ru\/wp-json\/wp\/v2\/media\/258268"}],"wp:attachment":[{"href":"https:\/\/irankiuzona.lt\/ru\/wp-json\/wp\/v2\/media?parent=258266"}],"wp:term":[{"taxonomy":"product_cat","embeddable":true,"href":"https:\/\/irankiuzona.lt\/ru\/wp-json\/wp\/v2\/product_cat?post=258266"},{"taxonomy":"product_tag","embeddable":true,"href":"https:\/\/irankiuzona.lt\/ru\/wp-json\/wp\/v2\/product_tag?post=258266"}],"curies":[{"name":"wp","href":"https:\/\/api.w.org\/{rel}","templated":true}]}}