{"id":258272,"date":"2024-09-29T11:50:17","date_gmt":"2024-09-29T11:50:17","guid":{"rendered":"https:\/\/irankiuzona.lt\/product\/stabdziu-nuorinimo-komplektas\/"},"modified":"2026-05-16T16:11:44","modified_gmt":"2026-05-16T16:11:44","slug":"stabdziu-nuorinimo-komplektas","status":"publish","type":"product","link":"https:\/\/irankiuzona.lt\/ru\/product\/stabdziu-nuorinimo-komplektas\/","title":{"rendered":"Stabd\u017ei\u0173 nuorinimo komplektas"},"content":{"rendered":"<p>\u012e stabd\u017ei\u0173 sistemos oro i\u0161leidimo \u012franki\u0173 rinkin\u012f \u012feina 4 pagrindinio stabd\u017ei\u0173 cilindro adapteriai, skirti daugumai transporto priemoni\u0173 modeli\u0173, 21\u201330 mm, 24\u201332 mm, 28\u201337 mm, 32\u201341 mm2 tip\u0173 1\/4&quot; vo\u017etuvai, amerikieti\u0161ko ir europieti\u0161ko stiliaus1.8 m ilgio permatoma \u017earna su universaliu antgaliu suporto nuorinimo ta\u0161kamsSkirtas pakeisti stabd\u017ei\u0173\/sankabos skyst\u012f, i\u0161siurbiant j\u012f i\u0161 sistemos naudojant pneumatikos sl\u0117g\u012f\u012eleidimo sl\u0117gis 6 &#8211; 12 barBako talpa 0,75 lOro sunaudojimas 180 l\/minVakuumas 60 %<\/p>","protected":false},"excerpt":{"rendered":"<p>Stabd\u017ei\u0173 nuorinimo komplektas<\/p>","protected":false},"featured_media":258274,"comment_status":"open","ping_status":"open","template":"","meta":[],"product_cat":[9534],"product_tag":[10104],"class_list":{"0":"post-258272","1":"product","2":"type-product","3":"status-publish","4":"has-post-thumbnail","6":"product_brand-kraftdele","7":"product_cat-stabdziu-remonto-nuorinimo-irankiai","8":"product_tag-kraftdele","10":"first","11":"outofstock","12":"purchasable","13":"product-type-simple"},"jetpack_sharing_enabled":true,"_links":{"self":[{"href":"https:\/\/irankiuzona.lt\/ru\/wp-json\/wp\/v2\/product\/258272","targetHints":{"allow":["GET"]}}],"collection":[{"href":"https:\/\/irankiuzona.lt\/ru\/wp-json\/wp\/v2\/product"}],"about":[{"href":"https:\/\/irankiuzona.lt\/ru\/wp-json\/wp\/v2\/types\/product"}],"replies":[{"embeddable":true,"href":"https:\/\/irankiuzona.lt\/ru\/wp-json\/wp\/v2\/comments?post=258272"}],"version-history":[{"count":1,"href":"https:\/\/irankiuzona.lt\/ru\/wp-json\/wp\/v2\/product\/258272\/revisions"}],"predecessor-version":[{"id":421240,"href":"https:\/\/irankiuzona.lt\/ru\/wp-json\/wp\/v2\/product\/258272\/revisions\/421240"}],"wp:featuredmedia":[{"embeddable":true,"href":"https:\/\/irankiuzona.lt\/ru\/wp-json\/wp\/v2\/media\/258274"}],"wp:attachment":[{"href":"https:\/\/irankiuzona.lt\/ru\/wp-json\/wp\/v2\/media?parent=258272"}],"wp:term":[{"taxonomy":"product_cat","embeddable":true,"href":"https:\/\/irankiuzona.lt\/ru\/wp-json\/wp\/v2\/product_cat?post=258272"},{"taxonomy":"product_tag","embeddable":true,"href":"https:\/\/irankiuzona.lt\/ru\/wp-json\/wp\/v2\/product_tag?post=258272"}],"curies":[{"name":"wp","href":"https:\/\/api.w.org\/{rel}","templated":true}]}}