{"id":258286,"date":"2024-09-29T11:50:19","date_gmt":"2024-09-29T11:50:19","guid":{"rendered":"https:\/\/irankiuzona.lt\/product\/vairo-traukiu-nuemejai5\/"},"modified":"2026-04-15T02:24:01","modified_gmt":"2026-04-15T02:24:01","slug":"vairo-traukiu-nuemejai5","status":"publish","type":"product","link":"https:\/\/irankiuzona.lt\/ru\/product\/vairo-traukiu-nuemejai5\/","title":{"rendered":"Vairo trauki\u0173 nuem\u0117jai*5"},"content":{"rendered":"<p>Dyd\u017eiai :\u00a0<br \/>\n11\/16 &quot;<br \/>\n15\/16 &quot;<br \/>\n1-1\/8&quot;<\/p>","protected":false},"excerpt":{"rendered":"<p>Vairo trauki\u0173 nuem\u0117jai*5<\/p>","protected":false},"featured_media":258288,"comment_status":"open","ping_status":"open","template":"","meta":[],"product_cat":[9528],"product_tag":[10104],"class_list":{"0":"post-258286","1":"product","2":"type-product","3":"status-publish","4":"has-post-thumbnail","6":"product_brand-kraftdele","7":"product_cat-vairo-traukiu-irankiai","8":"product_tag-kraftdele","10":"first","11":"outofstock","12":"purchasable","13":"product-type-simple"},"jetpack_sharing_enabled":true,"_links":{"self":[{"href":"https:\/\/irankiuzona.lt\/ru\/wp-json\/wp\/v2\/product\/258286","targetHints":{"allow":["GET"]}}],"collection":[{"href":"https:\/\/irankiuzona.lt\/ru\/wp-json\/wp\/v2\/product"}],"about":[{"href":"https:\/\/irankiuzona.lt\/ru\/wp-json\/wp\/v2\/types\/product"}],"replies":[{"embeddable":true,"href":"https:\/\/irankiuzona.lt\/ru\/wp-json\/wp\/v2\/comments?post=258286"}],"version-history":[{"count":1,"href":"https:\/\/irankiuzona.lt\/ru\/wp-json\/wp\/v2\/product\/258286\/revisions"}],"predecessor-version":[{"id":421245,"href":"https:\/\/irankiuzona.lt\/ru\/wp-json\/wp\/v2\/product\/258286\/revisions\/421245"}],"wp:featuredmedia":[{"embeddable":true,"href":"https:\/\/irankiuzona.lt\/ru\/wp-json\/wp\/v2\/media\/258288"}],"wp:attachment":[{"href":"https:\/\/irankiuzona.lt\/ru\/wp-json\/wp\/v2\/media?parent=258286"}],"wp:term":[{"taxonomy":"product_cat","embeddable":true,"href":"https:\/\/irankiuzona.lt\/ru\/wp-json\/wp\/v2\/product_cat?post=258286"},{"taxonomy":"product_tag","embeddable":true,"href":"https:\/\/irankiuzona.lt\/ru\/wp-json\/wp\/v2\/product_tag?post=258286"}],"curies":[{"name":"wp","href":"https:\/\/api.w.org\/{rel}","templated":true}]}}