{"id":258289,"date":"2024-09-29T11:50:19","date_gmt":"2024-09-29T11:50:19","guid":{"rendered":"https:\/\/irankiuzona.lt\/product\/elektrinis-dazu-purkstuvas-beoris-1450w-iki-1-1-l-min\/"},"modified":"2026-04-15T02:24:01","modified_gmt":"2026-04-15T02:24:01","slug":"elektrinis-dazu-purkstuvas-beoris-1450w-iki-1-1-l-min","status":"publish","type":"product","link":"https:\/\/irankiuzona.lt\/ru\/product\/elektrinis-dazu-purkstuvas-beoris-1450w-iki-1-1-l-min\/","title":{"rendered":"Elektrinis da\u017e\u0173 purk\u0161tuvas beoris  1450W iki 1.1 L\/min"},"content":{"rendered":"<p>Galia: 1450WNominali srov\u0117: 0.2~4.5AMaksimalus darbinis sl\u0117gis: 3000psiDa\u017e\u0173 srauto linija: 7,6mDa\u017e\u0173 i\u0161leidimo angos jungtis: 1\/4-18-NPSM<\/p>","protected":false},"excerpt":{"rendered":"<p>Elektrinis da\u017e\u0173 purk\u0161tuvas beoris\u00a0 1450W iki 1.1 L\/min<\/p>","protected":false},"featured_media":258291,"comment_status":"open","ping_status":"open","template":"","meta":[],"product_cat":[10125],"product_tag":[10104],"class_list":{"0":"post-258289","1":"product","2":"type-product","3":"status-publish","4":"has-post-thumbnail","6":"product_brand-kraftdele","7":"product_cat-elektriniai-dazymo-irankiai","8":"product_tag-kraftdele","10":"first","11":"outofstock","12":"purchasable","13":"product-type-simple"},"jetpack_sharing_enabled":true,"_links":{"self":[{"href":"https:\/\/irankiuzona.lt\/ru\/wp-json\/wp\/v2\/product\/258289","targetHints":{"allow":["GET"]}}],"collection":[{"href":"https:\/\/irankiuzona.lt\/ru\/wp-json\/wp\/v2\/product"}],"about":[{"href":"https:\/\/irankiuzona.lt\/ru\/wp-json\/wp\/v2\/types\/product"}],"replies":[{"embeddable":true,"href":"https:\/\/irankiuzona.lt\/ru\/wp-json\/wp\/v2\/comments?post=258289"}],"version-history":[{"count":1,"href":"https:\/\/irankiuzona.lt\/ru\/wp-json\/wp\/v2\/product\/258289\/revisions"}],"predecessor-version":[{"id":421246,"href":"https:\/\/irankiuzona.lt\/ru\/wp-json\/wp\/v2\/product\/258289\/revisions\/421246"}],"wp:featuredmedia":[{"embeddable":true,"href":"https:\/\/irankiuzona.lt\/ru\/wp-json\/wp\/v2\/media\/258291"}],"wp:attachment":[{"href":"https:\/\/irankiuzona.lt\/ru\/wp-json\/wp\/v2\/media?parent=258289"}],"wp:term":[{"taxonomy":"product_cat","embeddable":true,"href":"https:\/\/irankiuzona.lt\/ru\/wp-json\/wp\/v2\/product_cat?post=258289"},{"taxonomy":"product_tag","embeddable":true,"href":"https:\/\/irankiuzona.lt\/ru\/wp-json\/wp\/v2\/product_tag?post=258289"}],"curies":[{"name":"wp","href":"https:\/\/api.w.org\/{rel}","templated":true}]}}