{"id":258295,"date":"2024-09-29T11:50:20","date_gmt":"2024-09-29T11:50:20","guid":{"rendered":"https:\/\/irankiuzona.lt\/product\/pripuciama-pagalve-kebulo-darbams-135kg\/"},"modified":"2026-04-14T23:15:01","modified_gmt":"2026-04-14T23:15:01","slug":"pripuciama-pagalve-kebulo-darbams-135kg","status":"publish","type":"product","link":"https:\/\/irankiuzona.lt\/ru\/product\/pripuciama-pagalve-kebulo-darbams-135kg\/","title":{"rendered":"Pripu\u010diama pagalv\u0117 k\u0117bulo darbams 135kg"},"content":{"rendered":"<p>Maksimali apkrova:\u00a0135\u00a0kg<\/p>\n<p>Matmenys:\u00a0165\u00a0\u00d7 150mm<\/p>\n<p>\u017darnos ilgis: 25cm<\/p>\n<p>Darbinis auk\u0161tis: 50mm<\/p>","protected":false},"excerpt":{"rendered":"<p>Pripu\u010diama pagalv\u0117 k\u0117bulo darbams 135kg<\/p>","protected":false},"featured_media":258297,"comment_status":"open","ping_status":"open","template":"","meta":[],"product_cat":[9556],"product_tag":[10104],"class_list":{"0":"post-258295","1":"product","2":"type-product","3":"status-publish","4":"has-post-thumbnail","6":"product_brand-kraftdele","7":"product_cat-irankiai-kebulo-lyginimui","8":"product_tag-kraftdele","10":"first","11":"outofstock","12":"purchasable","13":"product-type-simple"},"jetpack_sharing_enabled":true,"_links":{"self":[{"href":"https:\/\/irankiuzona.lt\/ru\/wp-json\/wp\/v2\/product\/258295","targetHints":{"allow":["GET"]}}],"collection":[{"href":"https:\/\/irankiuzona.lt\/ru\/wp-json\/wp\/v2\/product"}],"about":[{"href":"https:\/\/irankiuzona.lt\/ru\/wp-json\/wp\/v2\/types\/product"}],"replies":[{"embeddable":true,"href":"https:\/\/irankiuzona.lt\/ru\/wp-json\/wp\/v2\/comments?post=258295"}],"version-history":[{"count":1,"href":"https:\/\/irankiuzona.lt\/ru\/wp-json\/wp\/v2\/product\/258295\/revisions"}],"predecessor-version":[{"id":421248,"href":"https:\/\/irankiuzona.lt\/ru\/wp-json\/wp\/v2\/product\/258295\/revisions\/421248"}],"wp:featuredmedia":[{"embeddable":true,"href":"https:\/\/irankiuzona.lt\/ru\/wp-json\/wp\/v2\/media\/258297"}],"wp:attachment":[{"href":"https:\/\/irankiuzona.lt\/ru\/wp-json\/wp\/v2\/media?parent=258295"}],"wp:term":[{"taxonomy":"product_cat","embeddable":true,"href":"https:\/\/irankiuzona.lt\/ru\/wp-json\/wp\/v2\/product_cat?post=258295"},{"taxonomy":"product_tag","embeddable":true,"href":"https:\/\/irankiuzona.lt\/ru\/wp-json\/wp\/v2\/product_tag?post=258295"}],"curies":[{"name":"wp","href":"https:\/\/api.w.org\/{rel}","templated":true}]}}