{"id":258298,"date":"2024-09-29T11:50:20","date_gmt":"2024-09-29T11:50:20","guid":{"rendered":"https:\/\/irankiuzona.lt\/product\/perforatorius-sds-su-papildomu-griebtuvu-2650w\/"},"modified":"2026-04-15T09:41:34","modified_gmt":"2026-04-15T09:41:34","slug":"perforatorius-sds-su-papildomu-griebtuvu-2650w","status":"publish","type":"product","link":"https:\/\/irankiuzona.lt\/ru\/product\/perforatorius-sds-su-papildomu-griebtuvu-2650w\/","title":{"rendered":"Perforatorius SDS+ su papildomu griebtuvu 2650W"},"content":{"rendered":"<p>Maitinimas: 230 V \/ 50 Hz<br \/>\nGalia: 2650 W<br \/>\nS\u016bkiai: 0-1300 aps.\/min.<br \/>\nSm\u016bgi\u0173 skai\u010dius: 0-5500 min.<br \/>\nSm\u016bgio stipris: 2,7 J<br \/>\nGriebtuvas: SDS+<br \/>\nKomplekte: lagamin\u0117lis, kalt\u0173 ir gr\u0105\u017et\u0173 rinkinys, papildomas griebtuvas, 3m. rulet\u0117.<\/p>","protected":false},"excerpt":{"rendered":"<p>Perforatorius SDS+ su papildomu griebtuvu 2650W<\/p>","protected":false},"featured_media":258300,"comment_status":"open","ping_status":"open","template":"","meta":[],"product_cat":[9894],"product_tag":[10104],"class_list":{"0":"post-258298","1":"product","2":"type-product","3":"status-publish","4":"has-post-thumbnail","6":"product_brand-kraftdele","7":"product_cat-smuginiai-greztuvai-perforatoriai","8":"product_tag-kraftdele","10":"first","11":"instock","12":"purchasable","13":"product-type-simple"},"jetpack_sharing_enabled":true,"_links":{"self":[{"href":"https:\/\/irankiuzona.lt\/ru\/wp-json\/wp\/v2\/product\/258298","targetHints":{"allow":["GET"]}}],"collection":[{"href":"https:\/\/irankiuzona.lt\/ru\/wp-json\/wp\/v2\/product"}],"about":[{"href":"https:\/\/irankiuzona.lt\/ru\/wp-json\/wp\/v2\/types\/product"}],"replies":[{"embeddable":true,"href":"https:\/\/irankiuzona.lt\/ru\/wp-json\/wp\/v2\/comments?post=258298"}],"version-history":[{"count":1,"href":"https:\/\/irankiuzona.lt\/ru\/wp-json\/wp\/v2\/product\/258298\/revisions"}],"predecessor-version":[{"id":421249,"href":"https:\/\/irankiuzona.lt\/ru\/wp-json\/wp\/v2\/product\/258298\/revisions\/421249"}],"wp:featuredmedia":[{"embeddable":true,"href":"https:\/\/irankiuzona.lt\/ru\/wp-json\/wp\/v2\/media\/258300"}],"wp:attachment":[{"href":"https:\/\/irankiuzona.lt\/ru\/wp-json\/wp\/v2\/media?parent=258298"}],"wp:term":[{"taxonomy":"product_cat","embeddable":true,"href":"https:\/\/irankiuzona.lt\/ru\/wp-json\/wp\/v2\/product_cat?post=258298"},{"taxonomy":"product_tag","embeddable":true,"href":"https:\/\/irankiuzona.lt\/ru\/wp-json\/wp\/v2\/product_tag?post=258298"}],"curies":[{"name":"wp","href":"https:\/\/api.w.org\/{rel}","templated":true}]}}