{"id":258322,"date":"2024-09-29T11:50:23","date_gmt":"2024-09-29T11:50:23","guid":{"rendered":"https:\/\/irankiuzona.lt\/product\/plyteliu-pjaustykle-180mm-1800w\/"},"modified":"2026-04-13T16:51:33","modified_gmt":"2026-04-13T16:51:33","slug":"plyteliu-pjaustykle-180mm-1800w","status":"publish","type":"product","link":"https:\/\/irankiuzona.lt\/ru\/product\/plyteliu-pjaustykle-180mm-1800w\/","title":{"rendered":"Plyteli\u0173 pjaustykl\u0117 180mm 1800W"},"content":{"rendered":"<p>\u012etampa: 230VDa\u017enis: 50HzGreitis be apkrovos: 4500 aps.\/minGalia: 1800WPjovimo gylis (90o): 32mmPjovimo gylis (15o): 22mmDarbo stalo dydis: 330x330mmMaksimalus pjovimo kampas: 45oCiferblato dydis: 180 x 22,2 mmApsaugos klas\u0117: llSvoris: 4,2 kg<\/p>","protected":false},"excerpt":{"rendered":"<p>Plyteli\u0173 pjaustykl\u0117 180mm 1800W<\/p>","protected":false},"featured_media":258324,"comment_status":"open","ping_status":"open","template":"","meta":[],"product_cat":[9455],"product_tag":[10104],"class_list":{"0":"post-258322","1":"product","2":"type-product","3":"status-publish","4":"has-post-thumbnail","6":"product_brand-kraftdele","7":"product_cat-irankiai-plytelems-stiklui-laminatui","8":"product_tag-kraftdele","10":"first","11":"outofstock","12":"purchasable","13":"product-type-simple"},"jetpack_sharing_enabled":true,"_links":{"self":[{"href":"https:\/\/irankiuzona.lt\/ru\/wp-json\/wp\/v2\/product\/258322","targetHints":{"allow":["GET"]}}],"collection":[{"href":"https:\/\/irankiuzona.lt\/ru\/wp-json\/wp\/v2\/product"}],"about":[{"href":"https:\/\/irankiuzona.lt\/ru\/wp-json\/wp\/v2\/types\/product"}],"replies":[{"embeddable":true,"href":"https:\/\/irankiuzona.lt\/ru\/wp-json\/wp\/v2\/comments?post=258322"}],"version-history":[{"count":1,"href":"https:\/\/irankiuzona.lt\/ru\/wp-json\/wp\/v2\/product\/258322\/revisions"}],"predecessor-version":[{"id":421257,"href":"https:\/\/irankiuzona.lt\/ru\/wp-json\/wp\/v2\/product\/258322\/revisions\/421257"}],"wp:featuredmedia":[{"embeddable":true,"href":"https:\/\/irankiuzona.lt\/ru\/wp-json\/wp\/v2\/media\/258324"}],"wp:attachment":[{"href":"https:\/\/irankiuzona.lt\/ru\/wp-json\/wp\/v2\/media?parent=258322"}],"wp:term":[{"taxonomy":"product_cat","embeddable":true,"href":"https:\/\/irankiuzona.lt\/ru\/wp-json\/wp\/v2\/product_cat?post=258322"},{"taxonomy":"product_tag","embeddable":true,"href":"https:\/\/irankiuzona.lt\/ru\/wp-json\/wp\/v2\/product_tag?post=258322"}],"curies":[{"name":"wp","href":"https:\/\/api.w.org\/{rel}","templated":true}]}}