{"id":258328,"date":"2024-09-29T11:50:24","date_gmt":"2024-09-29T11:50:24","guid":{"rendered":"https:\/\/irankiuzona.lt\/product\/nuemejas-pusmenulio-formos-3-50-75mm\/"},"modified":"2026-04-15T09:41:35","modified_gmt":"2026-04-15T09:41:35","slug":"nuemejas-pusmenulio-formos-3-50-75mm","status":"publish","type":"product","link":"https:\/\/irankiuzona.lt\/ru\/product\/nuemejas-pusmenulio-formos-3-50-75mm\/","title":{"rendered":"Nu\u0117m\u0117jas pusm\u0117nulio formos 3&#8221; 50-75mm"},"content":{"rendered":"<p>Pusm\u0117nulio formos\u00a0guolio nu\u0117m\u0117jas skirtas guoli\u0173, pavar\u0173, skriemuli\u0173 ir pan.\u00a0nu\u0117mimui,\u00a0kai ne\u012fmanoma naudoti nu\u0117m\u0117jus su kojomis.<br \/>\nI\u0161skleidimas: 50-75mm<br \/>\nSvoris: 2,0 kg<br \/>\nTvirta bei patikima konstrukcija<\/p>","protected":false},"excerpt":{"rendered":"<p>Nu\u0117m\u0117jas pusm\u0117nulio formos 3&#8221; 50-75mm<\/p>","protected":false},"featured_media":258330,"comment_status":"open","ping_status":"open","template":"","meta":[],"product_cat":[9536],"product_tag":[10104],"class_list":{"0":"post-258328","1":"product","2":"type-product","3":"status-publish","4":"has-post-thumbnail","6":"product_brand-kraftdele","7":"product_cat-lygiagretus-nuemejai-atskyrejai-pusmenuliai","8":"product_tag-kraftdele","10":"first","11":"instock","12":"purchasable","13":"product-type-simple"},"jetpack_sharing_enabled":true,"_links":{"self":[{"href":"https:\/\/irankiuzona.lt\/ru\/wp-json\/wp\/v2\/product\/258328","targetHints":{"allow":["GET"]}}],"collection":[{"href":"https:\/\/irankiuzona.lt\/ru\/wp-json\/wp\/v2\/product"}],"about":[{"href":"https:\/\/irankiuzona.lt\/ru\/wp-json\/wp\/v2\/types\/product"}],"replies":[{"embeddable":true,"href":"https:\/\/irankiuzona.lt\/ru\/wp-json\/wp\/v2\/comments?post=258328"}],"version-history":[{"count":1,"href":"https:\/\/irankiuzona.lt\/ru\/wp-json\/wp\/v2\/product\/258328\/revisions"}],"predecessor-version":[{"id":421259,"href":"https:\/\/irankiuzona.lt\/ru\/wp-json\/wp\/v2\/product\/258328\/revisions\/421259"}],"wp:featuredmedia":[{"embeddable":true,"href":"https:\/\/irankiuzona.lt\/ru\/wp-json\/wp\/v2\/media\/258330"}],"wp:attachment":[{"href":"https:\/\/irankiuzona.lt\/ru\/wp-json\/wp\/v2\/media?parent=258328"}],"wp:term":[{"taxonomy":"product_cat","embeddable":true,"href":"https:\/\/irankiuzona.lt\/ru\/wp-json\/wp\/v2\/product_cat?post=258328"},{"taxonomy":"product_tag","embeddable":true,"href":"https:\/\/irankiuzona.lt\/ru\/wp-json\/wp\/v2\/product_tag?post=258328"}],"curies":[{"name":"wp","href":"https:\/\/api.w.org\/{rel}","templated":true}]}}