{"id":258367,"date":"2024-09-29T11:50:28","date_gmt":"2024-09-29T11:50:28","guid":{"rendered":"https:\/\/irankiuzona.lt\/product\/poliravimo-masinele-1500w-150mm\/"},"modified":"2026-05-15T05:14:19","modified_gmt":"2026-05-15T05:14:19","slug":"poliravimo-masinele-1500w-150mm","status":"publish","type":"product","link":"https:\/\/irankiuzona.lt\/ru\/product\/poliravimo-masinele-1500w-150mm\/","title":{"rendered":"Poliravimo ma\u0161in\u0117l\u0117 1500W 150mm"},"content":{"rendered":"<p>Maitinimo \u012ftampa: 230VPoliravimo disko skersmuo: 150mmSukimosi greitis: 1500-4500 aps\/minGrei\u010dio reguliavimas: TAIPSvoris: 2,8kg<\/p>","protected":false},"excerpt":{"rendered":"<p>Poliruoklis 1500W 150mm<\/p>","protected":false},"featured_media":258369,"comment_status":"open","ping_status":"open","template":"","meta":[],"product_cat":[9905],"product_tag":[10104],"class_list":{"0":"post-258367","1":"product","2":"type-product","3":"status-publish","4":"has-post-thumbnail","6":"product_brand-kraftdele","7":"product_cat-poliruokliai","8":"product_tag-kraftdele","10":"first","11":"outofstock","12":"purchasable","13":"product-type-simple"},"jetpack_sharing_enabled":true,"_links":{"self":[{"href":"https:\/\/irankiuzona.lt\/ru\/wp-json\/wp\/v2\/product\/258367","targetHints":{"allow":["GET"]}}],"collection":[{"href":"https:\/\/irankiuzona.lt\/ru\/wp-json\/wp\/v2\/product"}],"about":[{"href":"https:\/\/irankiuzona.lt\/ru\/wp-json\/wp\/v2\/types\/product"}],"replies":[{"embeddable":true,"href":"https:\/\/irankiuzona.lt\/ru\/wp-json\/wp\/v2\/comments?post=258367"}],"version-history":[{"count":1,"href":"https:\/\/irankiuzona.lt\/ru\/wp-json\/wp\/v2\/product\/258367\/revisions"}],"predecessor-version":[{"id":421272,"href":"https:\/\/irankiuzona.lt\/ru\/wp-json\/wp\/v2\/product\/258367\/revisions\/421272"}],"wp:featuredmedia":[{"embeddable":true,"href":"https:\/\/irankiuzona.lt\/ru\/wp-json\/wp\/v2\/media\/258369"}],"wp:attachment":[{"href":"https:\/\/irankiuzona.lt\/ru\/wp-json\/wp\/v2\/media?parent=258367"}],"wp:term":[{"taxonomy":"product_cat","embeddable":true,"href":"https:\/\/irankiuzona.lt\/ru\/wp-json\/wp\/v2\/product_cat?post=258367"},{"taxonomy":"product_tag","embeddable":true,"href":"https:\/\/irankiuzona.lt\/ru\/wp-json\/wp\/v2\/product_tag?post=258367"}],"curies":[{"name":"wp","href":"https:\/\/api.w.org\/{rel}","templated":true}]}}