{"id":258376,"date":"2024-09-29T11:50:29","date_gmt":"2024-09-29T11:50:29","guid":{"rendered":"https:\/\/irankiuzona.lt\/product\/irankiai-kebulo-ilenkimams-lyginti-klijav-pist\/"},"modified":"2026-05-15T07:25:46","modified_gmt":"2026-05-15T07:25:46","slug":"irankiai-kebulo-ilenkimams-lyginti-klijav-pist","status":"publish","type":"product","link":"https:\/\/irankiuzona.lt\/ru\/product\/irankiai-kebulo-ilenkimams-lyginti-klijav-pist\/","title":{"rendered":"\u012erankiai k\u0117bulo \u012flenkimams lyginti + klijav.pist."},"content":{"rendered":"<p>Klij\u0173 pistoletas<br \/>\n5 klij\u0173 lazdel\u0117s<br \/>\nRiebal\u0173 \u0161alinimo buteliukas,\u00a0be skys\u010dio.<br \/>\nMentel\u0117<br \/>\n6 vnt. adapteriai<br \/>\nR\u0117melis su atramomis<\/p>","protected":false},"excerpt":{"rendered":"<p>\u012erankiai k\u0117bulo \u012flenkimams lyginti + klijav.pist.<\/p>","protected":false},"featured_media":258378,"comment_status":"open","ping_status":"open","template":"","meta":[],"product_cat":[9556],"product_tag":[10104],"class_list":{"0":"post-258376","1":"product","2":"type-product","3":"status-publish","4":"has-post-thumbnail","6":"product_brand-kraftdele","7":"product_cat-irankiai-kebulo-lyginimui","8":"product_tag-kraftdele","10":"first","11":"instock","12":"purchasable","13":"product-type-simple"},"jetpack_sharing_enabled":true,"_links":{"self":[{"href":"https:\/\/irankiuzona.lt\/ru\/wp-json\/wp\/v2\/product\/258376","targetHints":{"allow":["GET"]}}],"collection":[{"href":"https:\/\/irankiuzona.lt\/ru\/wp-json\/wp\/v2\/product"}],"about":[{"href":"https:\/\/irankiuzona.lt\/ru\/wp-json\/wp\/v2\/types\/product"}],"replies":[{"embeddable":true,"href":"https:\/\/irankiuzona.lt\/ru\/wp-json\/wp\/v2\/comments?post=258376"}],"version-history":[{"count":1,"href":"https:\/\/irankiuzona.lt\/ru\/wp-json\/wp\/v2\/product\/258376\/revisions"}],"predecessor-version":[{"id":421275,"href":"https:\/\/irankiuzona.lt\/ru\/wp-json\/wp\/v2\/product\/258376\/revisions\/421275"}],"wp:featuredmedia":[{"embeddable":true,"href":"https:\/\/irankiuzona.lt\/ru\/wp-json\/wp\/v2\/media\/258378"}],"wp:attachment":[{"href":"https:\/\/irankiuzona.lt\/ru\/wp-json\/wp\/v2\/media?parent=258376"}],"wp:term":[{"taxonomy":"product_cat","embeddable":true,"href":"https:\/\/irankiuzona.lt\/ru\/wp-json\/wp\/v2\/product_cat?post=258376"},{"taxonomy":"product_tag","embeddable":true,"href":"https:\/\/irankiuzona.lt\/ru\/wp-json\/wp\/v2\/product_tag?post=258376"}],"curies":[{"name":"wp","href":"https:\/\/api.w.org\/{rel}","templated":true}]}}