{"id":258448,"date":"2024-09-29T11:50:36","date_gmt":"2024-09-29T11:50:36","guid":{"rendered":"https:\/\/irankiuzona.lt\/product\/galvute-zvakems-3-8-16mm-6-kampe-3\/"},"modified":"2026-04-15T19:24:46","modified_gmt":"2026-04-15T19:24:46","slug":"galvute-zvakems-3-8-16mm-6-kampe-2","status":"publish","type":"product","link":"https:\/\/irankiuzona.lt\/ru\/product\/galvute-zvakems-3-8-16mm-6-kampe-2\/","title":{"rendered":"Galvut\u0117 \u017evak\u0117ms 3\/8&quot; 16mm 6-kamp\u0117"},"content":{"rendered":"<p>Galvut\u0117 \u017evak\u0117ms 3\/8&quot; 16mm 6-kamp\u0117<\/p>","protected":false},"excerpt":{"rendered":"<p>Galvut\u0117 \u017evak\u0117ms 3\/8&quot; 16mm 6-kamp\u0117<\/p>","protected":false},"featured_media":258450,"comment_status":"open","ping_status":"open","template":"","meta":[],"product_cat":[9619],"product_tag":[9898],"class_list":{"0":"post-258448","1":"product","2":"type-product","3":"status-publish","4":"has-post-thumbnail","6":"product_brand-avtodelo","7":"product_cat-galvutes-zvakems","8":"product_tag-avtodelo","10":"first","11":"outofstock","12":"purchasable","13":"product-type-simple"},"jetpack_sharing_enabled":true,"_links":{"self":[{"href":"https:\/\/irankiuzona.lt\/ru\/wp-json\/wp\/v2\/product\/258448","targetHints":{"allow":["GET"]}}],"collection":[{"href":"https:\/\/irankiuzona.lt\/ru\/wp-json\/wp\/v2\/product"}],"about":[{"href":"https:\/\/irankiuzona.lt\/ru\/wp-json\/wp\/v2\/types\/product"}],"replies":[{"embeddable":true,"href":"https:\/\/irankiuzona.lt\/ru\/wp-json\/wp\/v2\/comments?post=258448"}],"version-history":[{"count":1,"href":"https:\/\/irankiuzona.lt\/ru\/wp-json\/wp\/v2\/product\/258448\/revisions"}],"predecessor-version":[{"id":421294,"href":"https:\/\/irankiuzona.lt\/ru\/wp-json\/wp\/v2\/product\/258448\/revisions\/421294"}],"wp:featuredmedia":[{"embeddable":true,"href":"https:\/\/irankiuzona.lt\/ru\/wp-json\/wp\/v2\/media\/258450"}],"wp:attachment":[{"href":"https:\/\/irankiuzona.lt\/ru\/wp-json\/wp\/v2\/media?parent=258448"}],"wp:term":[{"taxonomy":"product_cat","embeddable":true,"href":"https:\/\/irankiuzona.lt\/ru\/wp-json\/wp\/v2\/product_cat?post=258448"},{"taxonomy":"product_tag","embeddable":true,"href":"https:\/\/irankiuzona.lt\/ru\/wp-json\/wp\/v2\/product_tag?post=258448"}],"curies":[{"name":"wp","href":"https:\/\/api.w.org\/{rel}","templated":true}]}}