{"id":258517,"date":"2024-09-29T11:50:44","date_gmt":"2024-09-29T11:50:44","guid":{"rendered":"https:\/\/irankiuzona.lt\/product\/kisenines-svarstykles-spyruoklines-iki-100kg\/"},"modified":"2026-04-11T01:50:26","modified_gmt":"2026-04-11T01:50:26","slug":"kisenines-svarstykles-spyruoklines-iki-100kg","status":"publish","type":"product","link":"https:\/\/irankiuzona.lt\/ru\/product\/kisenines-svarstykles-spyruoklines-iki-100kg\/","title":{"rendered":"Ki\u0161enin\u0117s svarstykl\u0117s spyruoklin\u0117s iki 100kg"},"content":{"rendered":"<p>\u017dalvario danga, cinkuotas kabliukas ir \u017eiedas<\/p>","protected":false},"excerpt":{"rendered":"<p>Ki\u0161enin\u0117s svarstykl\u0117s spyruoklin\u0117s iki 100kg<\/p>","protected":false},"featured_media":258519,"comment_status":"open","ping_status":"open","template":"","meta":[],"product_cat":[9945],"product_tag":[9462],"class_list":{"0":"post-258517","1":"product","2":"type-product","3":"status-publish","4":"has-post-thumbnail","6":"product_brand-condor-werkzeug-vokietija","7":"product_cat-svarstykles","8":"product_tag-condor-werkzeug-vokietija","10":"first","11":"outofstock","12":"purchasable","13":"product-type-simple"},"jetpack_sharing_enabled":true,"_links":{"self":[{"href":"https:\/\/irankiuzona.lt\/ru\/wp-json\/wp\/v2\/product\/258517","targetHints":{"allow":["GET"]}}],"collection":[{"href":"https:\/\/irankiuzona.lt\/ru\/wp-json\/wp\/v2\/product"}],"about":[{"href":"https:\/\/irankiuzona.lt\/ru\/wp-json\/wp\/v2\/types\/product"}],"replies":[{"embeddable":true,"href":"https:\/\/irankiuzona.lt\/ru\/wp-json\/wp\/v2\/comments?post=258517"}],"version-history":[{"count":1,"href":"https:\/\/irankiuzona.lt\/ru\/wp-json\/wp\/v2\/product\/258517\/revisions"}],"predecessor-version":[{"id":421316,"href":"https:\/\/irankiuzona.lt\/ru\/wp-json\/wp\/v2\/product\/258517\/revisions\/421316"}],"wp:featuredmedia":[{"embeddable":true,"href":"https:\/\/irankiuzona.lt\/ru\/wp-json\/wp\/v2\/media\/258519"}],"wp:attachment":[{"href":"https:\/\/irankiuzona.lt\/ru\/wp-json\/wp\/v2\/media?parent=258517"}],"wp:term":[{"taxonomy":"product_cat","embeddable":true,"href":"https:\/\/irankiuzona.lt\/ru\/wp-json\/wp\/v2\/product_cat?post=258517"},{"taxonomy":"product_tag","embeddable":true,"href":"https:\/\/irankiuzona.lt\/ru\/wp-json\/wp\/v2\/product_tag?post=258517"}],"curies":[{"name":"wp","href":"https:\/\/api.w.org\/{rel}","templated":true}]}}