{"id":258547,"date":"2024-09-29T11:50:46","date_gmt":"2024-09-29T11:50:46","guid":{"rendered":"https:\/\/irankiuzona.lt\/product\/kisenines-svarstykles-spyruoklines-iki-150kg\/"},"modified":"2026-04-11T01:50:28","modified_gmt":"2026-04-11T01:50:28","slug":"kisenines-svarstykles-spyruoklines-iki-150kg","status":"publish","type":"product","link":"https:\/\/irankiuzona.lt\/ru\/product\/kisenines-svarstykles-spyruoklines-iki-150kg\/","title":{"rendered":"Ki\u0161enin\u0117s svarstykl\u0117s spyruoklin\u0117s iki 150kg"},"content":{"rendered":"<p>\u017dalvario danga, cinkuotas kabliukas ir \u017eiedas<\/p>","protected":false},"excerpt":{"rendered":"<p>Ki\u0161enin\u0117s svarstykl\u0117s spyruoklin\u0117s iki 150kg<\/p>","protected":false},"featured_media":258549,"comment_status":"open","ping_status":"open","template":"","meta":[],"product_cat":[9945],"product_tag":[9462],"class_list":{"0":"post-258547","1":"product","2":"type-product","3":"status-publish","4":"has-post-thumbnail","6":"product_brand-condor-werkzeug-vokietija","7":"product_cat-svarstykles","8":"product_tag-condor-werkzeug-vokietija","10":"first","11":"instock","12":"purchasable","13":"product-type-simple"},"jetpack_sharing_enabled":true,"_links":{"self":[{"href":"https:\/\/irankiuzona.lt\/ru\/wp-json\/wp\/v2\/product\/258547","targetHints":{"allow":["GET"]}}],"collection":[{"href":"https:\/\/irankiuzona.lt\/ru\/wp-json\/wp\/v2\/product"}],"about":[{"href":"https:\/\/irankiuzona.lt\/ru\/wp-json\/wp\/v2\/types\/product"}],"replies":[{"embeddable":true,"href":"https:\/\/irankiuzona.lt\/ru\/wp-json\/wp\/v2\/comments?post=258547"}],"version-history":[{"count":1,"href":"https:\/\/irankiuzona.lt\/ru\/wp-json\/wp\/v2\/product\/258547\/revisions"}],"predecessor-version":[{"id":421326,"href":"https:\/\/irankiuzona.lt\/ru\/wp-json\/wp\/v2\/product\/258547\/revisions\/421326"}],"wp:featuredmedia":[{"embeddable":true,"href":"https:\/\/irankiuzona.lt\/ru\/wp-json\/wp\/v2\/media\/258549"}],"wp:attachment":[{"href":"https:\/\/irankiuzona.lt\/ru\/wp-json\/wp\/v2\/media?parent=258547"}],"wp:term":[{"taxonomy":"product_cat","embeddable":true,"href":"https:\/\/irankiuzona.lt\/ru\/wp-json\/wp\/v2\/product_cat?post=258547"},{"taxonomy":"product_tag","embeddable":true,"href":"https:\/\/irankiuzona.lt\/ru\/wp-json\/wp\/v2\/product_tag?post=258547"}],"curies":[{"name":"wp","href":"https:\/\/api.w.org\/{rel}","templated":true}]}}