{"id":258559,"date":"2024-09-29T11:50:47","date_gmt":"2024-09-29T11:50:47","guid":{"rendered":"https:\/\/irankiuzona.lt\/product\/deze-irankiams-25-hogert-ht7g066\/"},"modified":"2026-04-12T15:27:27","modified_gmt":"2026-04-12T15:27:27","slug":"deze-irankiams-25-hogert-ht7g066","status":"publish","type":"product","link":"https:\/\/irankiuzona.lt\/ru\/product\/deze-irankiams-25-hogert-ht7g066\/","title":{"rendered":"D\u0117\u017e\u0117 \u012frankiams 25&quot;, HOGERT HT7G066"},"content":{"rendered":"<p>Prakti\u0161ka ir talpi 25 coli\u0173 d\u0117\u017eut\u0117 patogiam \u012franki\u0173 ir pried\u0173 laikymui. Pagaminta i\u0161 auk\u0161tos kokyb\u0117s med\u017eiag\u0173, kurios garantuoja gaminio ilgaam\u017ei\u0161kum\u0105 ir patikimum\u0105. Kompakti\u0161ki matmenys leid\u017eia j\u012f transportuoti automobiliu ir pristatyti \u012f darbo viet\u0105.<\/p>","protected":false},"excerpt":{"rendered":"<p>D\u0117\u017e\u0117 \u012frankiams 25&quot;<\/p>","protected":false},"featured_media":258561,"comment_status":"open","ping_status":"open","template":"","meta":[],"product_cat":[10015],"product_tag":[9969],"class_list":{"0":"post-258559","1":"product","2":"type-product","3":"status-publish","4":"has-post-thumbnail","6":"product_brand-hogert-technik-vokietija","7":"product_cat-dezutes-smulkmenoms","8":"product_tag-hogert-technik-vokietija","10":"first","11":"instock","12":"purchasable","13":"product-type-simple"},"jetpack_sharing_enabled":true,"_links":{"self":[{"href":"https:\/\/irankiuzona.lt\/ru\/wp-json\/wp\/v2\/product\/258559","targetHints":{"allow":["GET"]}}],"collection":[{"href":"https:\/\/irankiuzona.lt\/ru\/wp-json\/wp\/v2\/product"}],"about":[{"href":"https:\/\/irankiuzona.lt\/ru\/wp-json\/wp\/v2\/types\/product"}],"replies":[{"embeddable":true,"href":"https:\/\/irankiuzona.lt\/ru\/wp-json\/wp\/v2\/comments?post=258559"}],"version-history":[{"count":1,"href":"https:\/\/irankiuzona.lt\/ru\/wp-json\/wp\/v2\/product\/258559\/revisions"}],"predecessor-version":[{"id":421330,"href":"https:\/\/irankiuzona.lt\/ru\/wp-json\/wp\/v2\/product\/258559\/revisions\/421330"}],"wp:featuredmedia":[{"embeddable":true,"href":"https:\/\/irankiuzona.lt\/ru\/wp-json\/wp\/v2\/media\/258561"}],"wp:attachment":[{"href":"https:\/\/irankiuzona.lt\/ru\/wp-json\/wp\/v2\/media?parent=258559"}],"wp:term":[{"taxonomy":"product_cat","embeddable":true,"href":"https:\/\/irankiuzona.lt\/ru\/wp-json\/wp\/v2\/product_cat?post=258559"},{"taxonomy":"product_tag","embeddable":true,"href":"https:\/\/irankiuzona.lt\/ru\/wp-json\/wp\/v2\/product_tag?post=258559"}],"curies":[{"name":"wp","href":"https:\/\/api.w.org\/{rel}","templated":true}]}}