{"id":258562,"date":"2024-09-29T11:50:48","date_gmt":"2024-09-29T11:50:48","guid":{"rendered":"https:\/\/irankiuzona.lt\/product\/deze-irankiams-ant-ratuku\/"},"modified":"2026-04-12T15:27:28","modified_gmt":"2026-04-12T15:27:28","slug":"deze-irankiams-ant-ratuku","status":"publish","type":"product","link":"https:\/\/irankiuzona.lt\/ru\/product\/deze-irankiams-ant-ratuku\/","title":{"rendered":"D\u0117\u017e\u0117 \u012frankiams ant ratuk\u0173"},"content":{"rendered":"<p>2 dali\u0173 modulin\u0117 mobili\u0173j\u0173 \u012franki\u0173 d\u0117\u017e\u0117. Du nepriklausomi, erdv\u016bs moduliai su nuimamu laikikliu leid\u017eia organizuotai laikyti ir transportuoti iki 30 kg \u012franki\u0173. Kompakti\u0161ki matmenys ir galimyb\u0117 i\u0161ardyti modulius leid\u017eia j\u012f transportuoti automobiliu ir pastatyti darbo vietoje.<\/p>","protected":false},"excerpt":{"rendered":"<p>D\u0117\u017e\u0117 \u012frankiams ant ratuk\u0173<\/p>","protected":false},"featured_media":258564,"comment_status":"open","ping_status":"open","template":"","meta":[],"product_cat":[10064],"product_tag":[9969],"class_list":{"0":"post-258562","1":"product","2":"type-product","3":"status-publish","4":"has-post-thumbnail","6":"product_brand-hogert-technik-vokietija","7":"product_cat-irankiu-dezes-su-ratukais","8":"product_tag-hogert-technik-vokietija","10":"first","11":"instock","12":"purchasable","13":"product-type-simple"},"jetpack_sharing_enabled":true,"_links":{"self":[{"href":"https:\/\/irankiuzona.lt\/ru\/wp-json\/wp\/v2\/product\/258562","targetHints":{"allow":["GET"]}}],"collection":[{"href":"https:\/\/irankiuzona.lt\/ru\/wp-json\/wp\/v2\/product"}],"about":[{"href":"https:\/\/irankiuzona.lt\/ru\/wp-json\/wp\/v2\/types\/product"}],"replies":[{"embeddable":true,"href":"https:\/\/irankiuzona.lt\/ru\/wp-json\/wp\/v2\/comments?post=258562"}],"version-history":[{"count":1,"href":"https:\/\/irankiuzona.lt\/ru\/wp-json\/wp\/v2\/product\/258562\/revisions"}],"predecessor-version":[{"id":421331,"href":"https:\/\/irankiuzona.lt\/ru\/wp-json\/wp\/v2\/product\/258562\/revisions\/421331"}],"wp:featuredmedia":[{"embeddable":true,"href":"https:\/\/irankiuzona.lt\/ru\/wp-json\/wp\/v2\/media\/258564"}],"wp:attachment":[{"href":"https:\/\/irankiuzona.lt\/ru\/wp-json\/wp\/v2\/media?parent=258562"}],"wp:term":[{"taxonomy":"product_cat","embeddable":true,"href":"https:\/\/irankiuzona.lt\/ru\/wp-json\/wp\/v2\/product_cat?post=258562"},{"taxonomy":"product_tag","embeddable":true,"href":"https:\/\/irankiuzona.lt\/ru\/wp-json\/wp\/v2\/product_tag?post=258562"}],"curies":[{"name":"wp","href":"https:\/\/api.w.org\/{rel}","templated":true}]}}