{"id":258583,"date":"2024-09-29T11:50:50","date_gmt":"2024-09-29T11:50:50","guid":{"rendered":"https:\/\/irankiuzona.lt\/product\/oro-srauto-reguliatorius-su-tepaline-1-2-profi\/"},"modified":"2026-05-16T12:52:01","modified_gmt":"2026-05-16T12:52:01","slug":"oro-srauto-reguliatorius-su-tepaline-1-2-profi","status":"publish","type":"product","link":"https:\/\/irankiuzona.lt\/ru\/product\/oro-srauto-reguliatorius-su-tepaline-1-2-profi\/","title":{"rendered":"Oro srauto reguliatorius su tepaline 1\/2 PROFI"},"content":{"rendered":"<p>Dydis 1\/2&quot;Max tiekiamas sl\u0117gis ~15barMax darbinis sl\u0117gis 10barReguliavimo dydis 0.5 &#8211; 9.5barFiltro daleli\u0173 dydis 5\u00b5mDarbin\u0117 temp. 5\u00b0C &#8211; 60\u00b0CMax pralaidumas 3000I\/min<br \/>\nPolikarbonatiniai tepalin\u0117s indai gali \u012ftr\u016bkti ar net skilti, jei jie bus u\u017epildomi sintetine alyva, skiedikliais, trichloretilenu, \u017eibalu ar kitu aromatiniu angliavandeniliu. Nenaudoti \u012frenginio kartu su tepaline jeigu planuojate nustatyti auk\u0161tesn\u012f darbin\u012f sl\u0117g\u012f nei >10 bar\u00a0\u00a0<\/p>","protected":false},"excerpt":{"rendered":"<p>Oro srauto reguliatorius su tepaline 1\/2 PROFI<\/p>","protected":false},"featured_media":258585,"comment_status":"open","ping_status":"open","template":"","meta":[],"product_cat":[9706],"product_tag":[9435],"class_list":{"0":"post-258583","1":"product","2":"type-product","3":"status-publish","4":"has-post-thumbnail","6":"product_brand-kinija","7":"product_cat-oro-srauto-reguliatoriai-tepalines-dregmes-surinkejai","8":"product_tag-kinija","10":"first","11":"outofstock","12":"purchasable","13":"product-type-simple"},"jetpack_sharing_enabled":true,"_links":{"self":[{"href":"https:\/\/irankiuzona.lt\/ru\/wp-json\/wp\/v2\/product\/258583","targetHints":{"allow":["GET"]}}],"collection":[{"href":"https:\/\/irankiuzona.lt\/ru\/wp-json\/wp\/v2\/product"}],"about":[{"href":"https:\/\/irankiuzona.lt\/ru\/wp-json\/wp\/v2\/types\/product"}],"replies":[{"embeddable":true,"href":"https:\/\/irankiuzona.lt\/ru\/wp-json\/wp\/v2\/comments?post=258583"}],"version-history":[{"count":1,"href":"https:\/\/irankiuzona.lt\/ru\/wp-json\/wp\/v2\/product\/258583\/revisions"}],"predecessor-version":[{"id":421338,"href":"https:\/\/irankiuzona.lt\/ru\/wp-json\/wp\/v2\/product\/258583\/revisions\/421338"}],"wp:featuredmedia":[{"embeddable":true,"href":"https:\/\/irankiuzona.lt\/ru\/wp-json\/wp\/v2\/media\/258585"}],"wp:attachment":[{"href":"https:\/\/irankiuzona.lt\/ru\/wp-json\/wp\/v2\/media?parent=258583"}],"wp:term":[{"taxonomy":"product_cat","embeddable":true,"href":"https:\/\/irankiuzona.lt\/ru\/wp-json\/wp\/v2\/product_cat?post=258583"},{"taxonomy":"product_tag","embeddable":true,"href":"https:\/\/irankiuzona.lt\/ru\/wp-json\/wp\/v2\/product_tag?post=258583"}],"curies":[{"name":"wp","href":"https:\/\/api.w.org\/{rel}","templated":true}]}}