{"id":258604,"date":"2024-09-29T11:50:52","date_gmt":"2024-09-29T11:50:52","guid":{"rendered":"https:\/\/irankiuzona.lt\/product\/irankiu-vezimelis-su-10-stalciu-be-irankiu\/"},"modified":"2026-05-16T22:12:44","modified_gmt":"2026-05-16T22:12:44","slug":"irankiu-vezimelis-su-10-stalciu-be-irankiu","status":"publish","type":"product","link":"https:\/\/irankiuzona.lt\/ru\/product\/irankiu-vezimelis-su-10-stalciu-be-irankiu\/","title":{"rendered":"\u012eranki\u0173 ve\u017eim\u0117lis su 10 stal\u010di\u0173 (be \u012franki\u0173)"},"content":{"rendered":"<p>Papildomai galima \u012fsigyti 6 stal\u010di\u0173 spintel\u0119\u00a0CH5210-UP\u00a0, kaip pried\u0105 montuojam\u0105 ant vir\u0161aus (paskutin\u0117 nuotrauka)Matmenys 1067 x 458 x 933 mmMatmenys su ratukais 1067 x 458 x 1080 mm10 stal\u010di\u0173:4 stal\u010diai 570 x 406 x 74.5 mm (atlaiko iki 20 kg apkrov\u0105)1 stal\u010dius 570 x 406 x 311.5 mm (atlaiko iki 40 kg apkrov\u0105)2 stal\u010diai 313 x 406 x 74.5 mm (atlaiko iki 15 kg apkrov\u0105)1 stal\u010dius 313 x 406 x 153.5 mm (atlaiko iki 20 kg apkrov\u0105)1 stal\u010dius 313 x 406 x 311.5 mm (atlaiko iki 30 kg apkrov\u0105)1 stal\u010dius 937 x 406 x 122.5 mm (atlaiko iki 30 kg apkrov\u0105)Stalvir\u0161is atlaiko 125 kg apkrov\u0105Stal\u010di\u0173 b\u0117geliai su guoliais!5&quot; x 2&quot; ratukaiSvoris 90 kgPakuot\u0117s matmenys 1148 x 530 x 1148 mm<br \/>\nPrek\u0117s spalva gali skirtis nuo pavaizduotos nuotraukoje<\/p>","protected":false},"excerpt":{"rendered":"<p>Tu\u0161\u010dia \u012franki\u0173 spintel\u0117 su 10 stal\u010di\u0173 skirtingo dyd\u017eio \/ tu\u0161\u010dias didelis \u012franki\u0173 ve\u017eim\u0117lis 10 stal\u010di\u0173<\/p>","protected":false},"featured_media":258606,"comment_status":"open","ping_status":"open","template":"","meta":[],"product_cat":[9943],"product_tag":[9435],"class_list":{"0":"post-258604","1":"product","2":"type-product","3":"status-publish","4":"has-post-thumbnail","6":"product_brand-kinija","7":"product_cat-vezimeliai-irankiu-spintos","8":"product_tag-kinija","10":"first","11":"outofstock","12":"purchasable","13":"product-type-simple"},"jetpack_sharing_enabled":true,"_links":{"self":[{"href":"https:\/\/irankiuzona.lt\/ru\/wp-json\/wp\/v2\/product\/258604","targetHints":{"allow":["GET"]}}],"collection":[{"href":"https:\/\/irankiuzona.lt\/ru\/wp-json\/wp\/v2\/product"}],"about":[{"href":"https:\/\/irankiuzona.lt\/ru\/wp-json\/wp\/v2\/types\/product"}],"replies":[{"embeddable":true,"href":"https:\/\/irankiuzona.lt\/ru\/wp-json\/wp\/v2\/comments?post=258604"}],"version-history":[{"count":1,"href":"https:\/\/irankiuzona.lt\/ru\/wp-json\/wp\/v2\/product\/258604\/revisions"}],"predecessor-version":[{"id":421345,"href":"https:\/\/irankiuzona.lt\/ru\/wp-json\/wp\/v2\/product\/258604\/revisions\/421345"}],"wp:featuredmedia":[{"embeddable":true,"href":"https:\/\/irankiuzona.lt\/ru\/wp-json\/wp\/v2\/media\/258606"}],"wp:attachment":[{"href":"https:\/\/irankiuzona.lt\/ru\/wp-json\/wp\/v2\/media?parent=258604"}],"wp:term":[{"taxonomy":"product_cat","embeddable":true,"href":"https:\/\/irankiuzona.lt\/ru\/wp-json\/wp\/v2\/product_cat?post=258604"},{"taxonomy":"product_tag","embeddable":true,"href":"https:\/\/irankiuzona.lt\/ru\/wp-json\/wp\/v2\/product_tag?post=258604"}],"curies":[{"name":"wp","href":"https:\/\/api.w.org\/{rel}","templated":true}]}}