{"id":258645,"date":"2024-09-29T11:50:57","date_gmt":"2024-09-29T11:50:57","guid":{"rendered":"https:\/\/irankiuzona.lt\/product\/zvakiu-elektrodo-isemimo-komplektas\/"},"modified":"2026-04-12T19:54:26","modified_gmt":"2026-04-12T19:54:26","slug":"zvakiu-elektrodo-isemimo-komplektas","status":"publish","type":"product","link":"https:\/\/irankiuzona.lt\/ru\/product\/zvakiu-elektrodo-isemimo-komplektas\/","title":{"rendered":"\u017dvaki\u0173 elektrodo i\u0161\u0117mimo komplektas"},"content":{"rendered":"<p>pakaitinimo \u017evaki\u0173 elektrodams i\u0161montuotitinka pakaitinimo \u017evaki\u0173 sriegiams M8 x 1,0 &#8211; M10 x 1,0 &#8211; M10 x 1,25komplekte \u0161ie \u012frankiai:<br \/>\nM8 x 1,0 \u2013 M10 x 1,0 \u2013 M10 x 1,25,M3 x 0,5 x 100 mmM4 x 0,7 x 100 mmSpecialus gr\u0105\u017etas 2,5 x 120 mm &#8211; 3,3 x 140 mm180 mm\u00a0ilginami var\u017etai M3 ir M4<\/p>","protected":false},"excerpt":{"rendered":"<p>\u017dvaki\u0173 elektrodo i\u0161\u0117mimo komplektas<\/p>","protected":false},"featured_media":258647,"comment_status":"open","ping_status":"open","template":"","meta":[],"product_cat":[9699],"product_tag":[9435],"class_list":{"0":"post-258645","1":"product","2":"type-product","3":"status-publish","4":"has-post-thumbnail","6":"product_brand-kinija","7":"product_cat-uzluzusiu-zvakiu-remontui","8":"product_tag-kinija","10":"first","11":"outofstock","12":"purchasable","13":"product-type-simple"},"jetpack_sharing_enabled":true,"_links":{"self":[{"href":"https:\/\/irankiuzona.lt\/ru\/wp-json\/wp\/v2\/product\/258645","targetHints":{"allow":["GET"]}}],"collection":[{"href":"https:\/\/irankiuzona.lt\/ru\/wp-json\/wp\/v2\/product"}],"about":[{"href":"https:\/\/irankiuzona.lt\/ru\/wp-json\/wp\/v2\/types\/product"}],"replies":[{"embeddable":true,"href":"https:\/\/irankiuzona.lt\/ru\/wp-json\/wp\/v2\/comments?post=258645"}],"version-history":[{"count":1,"href":"https:\/\/irankiuzona.lt\/ru\/wp-json\/wp\/v2\/product\/258645\/revisions"}],"predecessor-version":[{"id":421359,"href":"https:\/\/irankiuzona.lt\/ru\/wp-json\/wp\/v2\/product\/258645\/revisions\/421359"}],"wp:featuredmedia":[{"embeddable":true,"href":"https:\/\/irankiuzona.lt\/ru\/wp-json\/wp\/v2\/media\/258647"}],"wp:attachment":[{"href":"https:\/\/irankiuzona.lt\/ru\/wp-json\/wp\/v2\/media?parent=258645"}],"wp:term":[{"taxonomy":"product_cat","embeddable":true,"href":"https:\/\/irankiuzona.lt\/ru\/wp-json\/wp\/v2\/product_cat?post=258645"},{"taxonomy":"product_tag","embeddable":true,"href":"https:\/\/irankiuzona.lt\/ru\/wp-json\/wp\/v2\/product_tag?post=258645"}],"curies":[{"name":"wp","href":"https:\/\/api.w.org\/{rel}","templated":true}]}}