{"id":258687,"date":"2024-09-29T11:51:02","date_gmt":"2024-09-29T11:51:02","guid":{"rendered":"https:\/\/irankiuzona.lt\/product\/galvuciu-komplektas-1-2-12-kamp-24-38mm\/"},"modified":"2026-05-16T22:55:08","modified_gmt":"2026-05-16T22:55:08","slug":"galvuciu-komplektas-1-2-12-kamp-24-38mm","status":"publish","type":"product","link":"https:\/\/irankiuzona.lt\/ru\/product\/galvuciu-komplektas-1-2-12-kamp-24-38mm\/","title":{"rendered":"Galvu\u010di\u0173 komplektas 1\/2 12-kamp. \/ 24-38mm"},"content":{"rendered":"<p>12 kampi\u0173 galvu\u010di\u0173 komplektas: 12.5 mm (1\/2&quot;): 24, 30, 32, 35, 36, 38mm.<\/p>","protected":false},"excerpt":{"rendered":"<p>Galvu\u010di\u0173 komplektas 1\/2 12-kamp. \/ 24-38mm<\/p>","protected":false},"featured_media":258689,"comment_status":"open","ping_status":"open","template":"","meta":[],"product_cat":[9806],"product_tag":[9845],"class_list":{"0":"post-258687","1":"product","2":"type-product","3":"status-publish","4":"has-post-thumbnail","6":"product_brand-vokietija-germany","7":"product_cat-1-2-125-mm-dvylikakampes-galvutes","8":"product_tag-vokietija-germany","10":"first","11":"instock","12":"purchasable","13":"product-type-simple"},"jetpack_sharing_enabled":true,"_links":{"self":[{"href":"https:\/\/irankiuzona.lt\/ru\/wp-json\/wp\/v2\/product\/258687","targetHints":{"allow":["GET"]}}],"collection":[{"href":"https:\/\/irankiuzona.lt\/ru\/wp-json\/wp\/v2\/product"}],"about":[{"href":"https:\/\/irankiuzona.lt\/ru\/wp-json\/wp\/v2\/types\/product"}],"replies":[{"embeddable":true,"href":"https:\/\/irankiuzona.lt\/ru\/wp-json\/wp\/v2\/comments?post=258687"}],"version-history":[{"count":1,"href":"https:\/\/irankiuzona.lt\/ru\/wp-json\/wp\/v2\/product\/258687\/revisions"}],"predecessor-version":[{"id":421373,"href":"https:\/\/irankiuzona.lt\/ru\/wp-json\/wp\/v2\/product\/258687\/revisions\/421373"}],"wp:featuredmedia":[{"embeddable":true,"href":"https:\/\/irankiuzona.lt\/ru\/wp-json\/wp\/v2\/media\/258689"}],"wp:attachment":[{"href":"https:\/\/irankiuzona.lt\/ru\/wp-json\/wp\/v2\/media?parent=258687"}],"wp:term":[{"taxonomy":"product_cat","embeddable":true,"href":"https:\/\/irankiuzona.lt\/ru\/wp-json\/wp\/v2\/product_cat?post=258687"},{"taxonomy":"product_tag","embeddable":true,"href":"https:\/\/irankiuzona.lt\/ru\/wp-json\/wp\/v2\/product_tag?post=258687"}],"curies":[{"name":"wp","href":"https:\/\/api.w.org\/{rel}","templated":true}]}}