{"id":258726,"date":"2024-09-29T12:00:10","date_gmt":"2024-09-29T12:00:10","guid":{"rendered":"https:\/\/irankiuzona.lt\/product\/sailentbloku-presavimo-kompl-vag-vw-polo-9n\/"},"modified":"2026-04-15T19:27:19","modified_gmt":"2026-04-15T19:27:19","slug":"sailentbloku-presavimo-kompl-vag-vw-polo-9n","status":"publish","type":"product","link":"https:\/\/irankiuzona.lt\/ru\/product\/sailentbloku-presavimo-kompl-vag-vw-polo-9n\/","title":{"rendered":"Sailentblok\u0173 presavimo kompl. VAG \/ VW Polo 9N"},"content":{"rendered":"<p>&#8211; yra velenas, veleno ilgintuvas, peties ver\u017el\u0117, veleno adapteris M10x1,25 pagamintas i\u0161 anglinio plieno S45C- tarpiklis, sl\u0117gio dalis, centravimo \u012ftvaras pagamintas i\u0161 aliuminio lydinys<\/p>","protected":false},"excerpt":{"rendered":"<p>Sailentblok\u0173 presavimo kompl. VAG \/ VW Polo 9N<\/p>","protected":false},"featured_media":258728,"comment_status":"open","ping_status":"open","template":"","meta":[],"product_cat":[9731],"product_tag":[9845],"class_list":{"0":"post-258726","1":"product","2":"type-product","3":"status-publish","4":"has-post-thumbnail","6":"product_brand-vokietija-germany","7":"product_cat-guoliu-sailentbloku-presavimo-irankiai","8":"product_tag-vokietija-germany","10":"first","11":"instock","12":"purchasable","13":"product-type-simple"},"jetpack_sharing_enabled":true,"_links":{"self":[{"href":"https:\/\/irankiuzona.lt\/ru\/wp-json\/wp\/v2\/product\/258726","targetHints":{"allow":["GET"]}}],"collection":[{"href":"https:\/\/irankiuzona.lt\/ru\/wp-json\/wp\/v2\/product"}],"about":[{"href":"https:\/\/irankiuzona.lt\/ru\/wp-json\/wp\/v2\/types\/product"}],"replies":[{"embeddable":true,"href":"https:\/\/irankiuzona.lt\/ru\/wp-json\/wp\/v2\/comments?post=258726"}],"version-history":[{"count":1,"href":"https:\/\/irankiuzona.lt\/ru\/wp-json\/wp\/v2\/product\/258726\/revisions"}],"predecessor-version":[{"id":421386,"href":"https:\/\/irankiuzona.lt\/ru\/wp-json\/wp\/v2\/product\/258726\/revisions\/421386"}],"wp:featuredmedia":[{"embeddable":true,"href":"https:\/\/irankiuzona.lt\/ru\/wp-json\/wp\/v2\/media\/258728"}],"wp:attachment":[{"href":"https:\/\/irankiuzona.lt\/ru\/wp-json\/wp\/v2\/media?parent=258726"}],"wp:term":[{"taxonomy":"product_cat","embeddable":true,"href":"https:\/\/irankiuzona.lt\/ru\/wp-json\/wp\/v2\/product_cat?post=258726"},{"taxonomy":"product_tag","embeddable":true,"href":"https:\/\/irankiuzona.lt\/ru\/wp-json\/wp\/v2\/product_tag?post=258726"}],"curies":[{"name":"wp","href":"https:\/\/api.w.org\/{rel}","templated":true}]}}