{"id":258729,"date":"2024-09-29T12:00:10","date_gmt":"2024-09-29T12:00:10","guid":{"rendered":"https:\/\/irankiuzona.lt\/product\/pneumatinis-kniediklis-2-4-6-4mm-mighty-seven\/"},"modified":"2026-04-15T17:48:27","modified_gmt":"2026-04-15T17:48:27","slug":"pneumatinis-kniediklis-2-4-6-4mm-mighty-seven","status":"publish","type":"product","link":"https:\/\/irankiuzona.lt\/ru\/product\/pneumatinis-kniediklis-2-4-6-4mm-mighty-seven\/","title":{"rendered":"Pneumatinis kniediklis 2.4-6.4mm Mighty-Seven"},"content":{"rendered":"<p>Puikiai tinka sunkiai pasiekiamose vietose;<br \/>\nGalingas, patvarus, auk\u0161to na\u0161umo \u012frankis;<br \/>\nKomplektuojamas su 2.4, 3.2, 4.0, 4.8, 6.0, 6.4 mm antgaliais;<\/p>\n<p>Traukos galia: 1603 kg-f;<br \/>\nBr\u016bk\u0161nio ilgis: 14 mm<br \/>\nTalpa: 2.4-6.4 mm<br \/>\nOro sl\u0117gis: 6,3 baro<br \/>\nVidutin\u0117s oro \u0105naudos: 2,32\u00a0l\/ciklui<br \/>\nSvoris: 1,8 kg<br \/>\nOro \u017earna: 3\/8&quot;<br \/>\nGarsumo lygis: 79.7 dB<br \/>\nVibracijos lygis: 0,5 m\/s2<\/p>","protected":false},"excerpt":{"rendered":"<p>Pneumatinis kniediklis 2.4-6.4mm Mighty-Seven<\/p>","protected":false},"featured_media":258731,"comment_status":"open","ping_status":"open","template":"","meta":[],"product_cat":[10128],"product_tag":[9875],"class_list":{"0":"post-258729","1":"product","2":"type-product","3":"status-publish","4":"has-post-thumbnail","6":"product_brand-mighty-seven-m7","7":"product_cat-pneumatiniai-kniedikliai","8":"product_tag-mighty-seven-m7","10":"first","11":"instock","12":"purchasable","13":"product-type-simple"},"jetpack_sharing_enabled":true,"_links":{"self":[{"href":"https:\/\/irankiuzona.lt\/ru\/wp-json\/wp\/v2\/product\/258729","targetHints":{"allow":["GET"]}}],"collection":[{"href":"https:\/\/irankiuzona.lt\/ru\/wp-json\/wp\/v2\/product"}],"about":[{"href":"https:\/\/irankiuzona.lt\/ru\/wp-json\/wp\/v2\/types\/product"}],"replies":[{"embeddable":true,"href":"https:\/\/irankiuzona.lt\/ru\/wp-json\/wp\/v2\/comments?post=258729"}],"version-history":[{"count":1,"href":"https:\/\/irankiuzona.lt\/ru\/wp-json\/wp\/v2\/product\/258729\/revisions"}],"predecessor-version":[{"id":421387,"href":"https:\/\/irankiuzona.lt\/ru\/wp-json\/wp\/v2\/product\/258729\/revisions\/421387"}],"wp:featuredmedia":[{"embeddable":true,"href":"https:\/\/irankiuzona.lt\/ru\/wp-json\/wp\/v2\/media\/258731"}],"wp:attachment":[{"href":"https:\/\/irankiuzona.lt\/ru\/wp-json\/wp\/v2\/media?parent=258729"}],"wp:term":[{"taxonomy":"product_cat","embeddable":true,"href":"https:\/\/irankiuzona.lt\/ru\/wp-json\/wp\/v2\/product_cat?post=258729"},{"taxonomy":"product_tag","embeddable":true,"href":"https:\/\/irankiuzona.lt\/ru\/wp-json\/wp\/v2\/product_tag?post=258729"}],"curies":[{"name":"wp","href":"https:\/\/api.w.org\/{rel}","templated":true}]}}