{"id":258735,"date":"2024-09-29T12:00:11","date_gmt":"2024-09-29T12:00:11","guid":{"rendered":"https:\/\/irankiuzona.lt\/product\/terksle-1-4-60dantu-metaline-lenkta\/"},"modified":"2026-04-17T04:48:17","modified_gmt":"2026-04-17T04:48:17","slug":"terksle-1-4-60dantu-metaline-lenkta","status":"publish","type":"product","link":"https:\/\/irankiuzona.lt\/ru\/product\/terksle-1-4-60dantu-metaline-lenkta\/","title":{"rendered":"Terk\u0161l\u0117 1\/4 60dant\u0173 metalin\u0117, lenkta"},"content":{"rendered":"<p>60 dantuk\u0173L = 153 mm<\/p>","protected":false},"excerpt":{"rendered":"<p>Terk\u0161l\u0117 1\/4 60dant\u0173 metalin\u0117, lenkta<\/p>","protected":false},"featured_media":258737,"comment_status":"open","ping_status":"open","template":"","meta":[],"product_cat":[9507],"product_tag":[],"class_list":{"0":"post-258735","1":"product","2":"type-product","3":"status-publish","4":"has-post-thumbnail","6":"product_cat-terksles-galvutems","8":"first","9":"outofstock","10":"purchasable","11":"product-type-simple"},"jetpack_sharing_enabled":true,"_links":{"self":[{"href":"https:\/\/irankiuzona.lt\/ru\/wp-json\/wp\/v2\/product\/258735","targetHints":{"allow":["GET"]}}],"collection":[{"href":"https:\/\/irankiuzona.lt\/ru\/wp-json\/wp\/v2\/product"}],"about":[{"href":"https:\/\/irankiuzona.lt\/ru\/wp-json\/wp\/v2\/types\/product"}],"replies":[{"embeddable":true,"href":"https:\/\/irankiuzona.lt\/ru\/wp-json\/wp\/v2\/comments?post=258735"}],"version-history":[{"count":1,"href":"https:\/\/irankiuzona.lt\/ru\/wp-json\/wp\/v2\/product\/258735\/revisions"}],"predecessor-version":[{"id":421389,"href":"https:\/\/irankiuzona.lt\/ru\/wp-json\/wp\/v2\/product\/258735\/revisions\/421389"}],"wp:featuredmedia":[{"embeddable":true,"href":"https:\/\/irankiuzona.lt\/ru\/wp-json\/wp\/v2\/media\/258737"}],"wp:attachment":[{"href":"https:\/\/irankiuzona.lt\/ru\/wp-json\/wp\/v2\/media?parent=258735"}],"wp:term":[{"taxonomy":"product_cat","embeddable":true,"href":"https:\/\/irankiuzona.lt\/ru\/wp-json\/wp\/v2\/product_cat?post=258735"},{"taxonomy":"product_tag","embeddable":true,"href":"https:\/\/irankiuzona.lt\/ru\/wp-json\/wp\/v2\/product_tag?post=258735"}],"curies":[{"name":"wp","href":"https:\/\/api.w.org\/{rel}","templated":true}]}}