{"id":258830,"date":"2024-09-29T12:00:20","date_gmt":"2024-09-29T12:00:20","guid":{"rendered":"https:\/\/irankiuzona.lt\/product\/plaktukas-2000g-plastikine-rankena\/"},"modified":"2026-04-14T14:34:25","modified_gmt":"2026-04-14T14:34:25","slug":"plaktukas-2000g-plastikine-rankena","status":"publish","type":"product","link":"https:\/\/irankiuzona.lt\/ru\/product\/plaktukas-2000g-plastikine-rankena\/","title":{"rendered":"Plaktukas 2000g plastikine rankena"},"content":{"rendered":"<p>Mechaninis plaktukas su stiklo pluo\u0161to rankena, skirtas statyboms ir remontui.<br \/>\nErgonomi\u0161ka neslystanti rankena su dviej\u0173 med\u017eiag\u0173 rankena;Kaltin\u0117 ir gr\u016bdinta plaktuko galvut\u0117, 50-58 HRC;<\/p>","protected":false},"excerpt":{"rendered":"<p>Plaktukas 2000g plastikine rankena<\/p>","protected":false},"featured_media":258832,"comment_status":"open","ping_status":"open","template":"","meta":[],"product_cat":[9867],"product_tag":[9969],"class_list":{"0":"post-258830","1":"product","2":"type-product","3":"status-publish","4":"has-post-thumbnail","6":"product_brand-hogert-technik-vokietija","7":"product_cat-plaktukai-plastikiniu-kotu","8":"product_tag-hogert-technik-vokietija","10":"first","11":"instock","12":"purchasable","13":"product-type-simple"},"jetpack_sharing_enabled":true,"_links":{"self":[{"href":"https:\/\/irankiuzona.lt\/ru\/wp-json\/wp\/v2\/product\/258830","targetHints":{"allow":["GET"]}}],"collection":[{"href":"https:\/\/irankiuzona.lt\/ru\/wp-json\/wp\/v2\/product"}],"about":[{"href":"https:\/\/irankiuzona.lt\/ru\/wp-json\/wp\/v2\/types\/product"}],"replies":[{"embeddable":true,"href":"https:\/\/irankiuzona.lt\/ru\/wp-json\/wp\/v2\/comments?post=258830"}],"version-history":[{"count":1,"href":"https:\/\/irankiuzona.lt\/ru\/wp-json\/wp\/v2\/product\/258830\/revisions"}],"predecessor-version":[{"id":421418,"href":"https:\/\/irankiuzona.lt\/ru\/wp-json\/wp\/v2\/product\/258830\/revisions\/421418"}],"wp:featuredmedia":[{"embeddable":true,"href":"https:\/\/irankiuzona.lt\/ru\/wp-json\/wp\/v2\/media\/258832"}],"wp:attachment":[{"href":"https:\/\/irankiuzona.lt\/ru\/wp-json\/wp\/v2\/media?parent=258830"}],"wp:term":[{"taxonomy":"product_cat","embeddable":true,"href":"https:\/\/irankiuzona.lt\/ru\/wp-json\/wp\/v2\/product_cat?post=258830"},{"taxonomy":"product_tag","embeddable":true,"href":"https:\/\/irankiuzona.lt\/ru\/wp-json\/wp\/v2\/product_tag?post=258830"}],"curies":[{"name":"wp","href":"https:\/\/api.w.org\/{rel}","templated":true}]}}