{"id":258836,"date":"2024-09-29T12:00:21","date_gmt":"2024-09-29T12:00:21","guid":{"rendered":"https:\/\/irankiuzona.lt\/product\/kompresijos-matuoklis-dyz-benz-maxi\/"},"modified":"2026-04-13T08:41:36","modified_gmt":"2026-04-13T08:41:36","slug":"kompresijos-matuoklis-dyz-benz-maxi","status":"publish","type":"product","link":"https:\/\/irankiuzona.lt\/ru\/product\/kompresijos-matuoklis-dyz-benz-maxi\/","title":{"rendered":"Kompresijos matuoklis dyz\/benz MAXI"},"content":{"rendered":"<p>600 psi (40 bar\u0173) manometras;\u2022 adapteriai u\u017edegimo \u017evak\u0117ms: 10, 12 , 14, 18 mm;\u2022 Adapteris pakaitinimo \u017evak\u0117ms: Alfa Romeo, BMW, Chrysler, Citroen, Daewoo,Fiat, Ford, Honda, Hyundai, Isuzu, Jeep, Kia, Lada, Lancia, Land Rover, LDV, Mazda, Mercedes, MG, Mitsubishi, Nissan, Opel, Peugeot, Renault, Rover, Saab, Suzuki, Toyota, Volvo;<br \/>\n\u2022 adapteriai purk\u0161tukams: M20, M22, M24 ir daugumai Ford modeli\u0173<\/p>","protected":false},"excerpt":{"rendered":"<p>Kompresijos matuoklis dyz\/benz MAXI<\/p>","protected":false},"featured_media":258838,"comment_status":"open","ping_status":"open","template":"","meta":[],"product_cat":[9552],"product_tag":[9483],"class_list":{"0":"post-258836","1":"product","2":"type-product","3":"status-publish","4":"has-post-thumbnail","6":"product_brand-yato-lenkija","7":"product_cat-kompresiometrai-dyzelinui","8":"product_tag-yato-lenkija","10":"first","11":"instock","12":"purchasable","13":"product-type-simple"},"jetpack_sharing_enabled":true,"_links":{"self":[{"href":"https:\/\/irankiuzona.lt\/ru\/wp-json\/wp\/v2\/product\/258836","targetHints":{"allow":["GET"]}}],"collection":[{"href":"https:\/\/irankiuzona.lt\/ru\/wp-json\/wp\/v2\/product"}],"about":[{"href":"https:\/\/irankiuzona.lt\/ru\/wp-json\/wp\/v2\/types\/product"}],"replies":[{"embeddable":true,"href":"https:\/\/irankiuzona.lt\/ru\/wp-json\/wp\/v2\/comments?post=258836"}],"version-history":[{"count":1,"href":"https:\/\/irankiuzona.lt\/ru\/wp-json\/wp\/v2\/product\/258836\/revisions"}],"predecessor-version":[{"id":421420,"href":"https:\/\/irankiuzona.lt\/ru\/wp-json\/wp\/v2\/product\/258836\/revisions\/421420"}],"wp:featuredmedia":[{"embeddable":true,"href":"https:\/\/irankiuzona.lt\/ru\/wp-json\/wp\/v2\/media\/258838"}],"wp:attachment":[{"href":"https:\/\/irankiuzona.lt\/ru\/wp-json\/wp\/v2\/media?parent=258836"}],"wp:term":[{"taxonomy":"product_cat","embeddable":true,"href":"https:\/\/irankiuzona.lt\/ru\/wp-json\/wp\/v2\/product_cat?post=258836"},{"taxonomy":"product_tag","embeddable":true,"href":"https:\/\/irankiuzona.lt\/ru\/wp-json\/wp\/v2\/product_tag?post=258836"}],"curies":[{"name":"wp","href":"https:\/\/api.w.org\/{rel}","templated":true}]}}