{"id":258845,"date":"2024-09-29T12:00:22","date_gmt":"2024-09-29T12:00:22","guid":{"rendered":"https:\/\/irankiuzona.lt\/product\/mobilus-endoskopas-3in1\/"},"modified":"2026-04-21T18:46:20","modified_gmt":"2026-04-21T18:46:20","slug":"mobilus-endoskopas-3in1","status":"publish","type":"product","link":"https:\/\/irankiuzona.lt\/ru\/product\/mobilus-endoskopas-3in1\/","title":{"rendered":"Mobilus endoskopas 3in1"},"content":{"rendered":"<p>Kabelio ilgis 5 mKameros ap\u0161vietimas 6 LED lemput\u0117sRezoliucija 640 * 480Atsparus vandeniuiC tipo USB, \u201eAndroid\u201c Micro USB, USB PCMaitinimo \u0161altinis: i\u0161 USB prievadoGali palaikyti \u201eAndroid\u201c \/ \u201eWindows 2000\u201c \/ XP \/ Vista \/ 7\/8 \/ MAC per USB jungt\u012fKamera su 2MP CMOS jutikliu: u\u017efiksuoja ai\u0161kius vaizdus ir auk\u0161tos kokyb\u0117s vaizdo \u012fra\u0161us nuo 1 iki 3 coli\u0173, pagerina vaizdo ry\u0161kum\u0105 ir ai\u0161kum\u0105 tamsojeIP67: Yra pusiau standus 0,3 colio kameros zondas, atsparus vandeniui, kur\u012f galima sulenkti, kad b\u016bt\u0173 galima i\u0161tirti neprieinamas ar sunkiai matomas vietasGali b\u016bti naudojamas \u012fvairiose srityse, tokiose kaip automobilio variklis, ventiliacijos vamzdis ir kt.<\/p>","protected":false},"excerpt":{"rendered":"<p>Mobilus endoskopas 3in1<\/p>","protected":false},"featured_media":258847,"comment_status":"open","ping_status":"open","template":"","meta":[],"product_cat":[10126],"product_tag":[10104],"class_list":{"0":"post-258845","1":"product","2":"type-product","3":"status-publish","4":"has-post-thumbnail","6":"product_brand-kraftdele","7":"product_cat-endoskopai-kameros","8":"product_tag-kraftdele","10":"first","11":"instock","12":"purchasable","13":"product-type-simple"},"jetpack_sharing_enabled":true,"_links":{"self":[{"href":"https:\/\/irankiuzona.lt\/ru\/wp-json\/wp\/v2\/product\/258845","targetHints":{"allow":["GET"]}}],"collection":[{"href":"https:\/\/irankiuzona.lt\/ru\/wp-json\/wp\/v2\/product"}],"about":[{"href":"https:\/\/irankiuzona.lt\/ru\/wp-json\/wp\/v2\/types\/product"}],"replies":[{"embeddable":true,"href":"https:\/\/irankiuzona.lt\/ru\/wp-json\/wp\/v2\/comments?post=258845"}],"version-history":[{"count":1,"href":"https:\/\/irankiuzona.lt\/ru\/wp-json\/wp\/v2\/product\/258845\/revisions"}],"predecessor-version":[{"id":421422,"href":"https:\/\/irankiuzona.lt\/ru\/wp-json\/wp\/v2\/product\/258845\/revisions\/421422"}],"wp:featuredmedia":[{"embeddable":true,"href":"https:\/\/irankiuzona.lt\/ru\/wp-json\/wp\/v2\/media\/258847"}],"wp:attachment":[{"href":"https:\/\/irankiuzona.lt\/ru\/wp-json\/wp\/v2\/media?parent=258845"}],"wp:term":[{"taxonomy":"product_cat","embeddable":true,"href":"https:\/\/irankiuzona.lt\/ru\/wp-json\/wp\/v2\/product_cat?post=258845"},{"taxonomy":"product_tag","embeddable":true,"href":"https:\/\/irankiuzona.lt\/ru\/wp-json\/wp\/v2\/product_tag?post=258845"}],"curies":[{"name":"wp","href":"https:\/\/api.w.org\/{rel}","templated":true}]}}