{"id":258857,"date":"2024-09-29T12:00:23","date_gmt":"2024-09-29T12:00:23","guid":{"rendered":"https:\/\/irankiuzona.lt\/product\/staliaus-spaustuvai-automatiniai-60x160mm\/"},"modified":"2026-04-15T16:52:15","modified_gmt":"2026-04-15T16:52:15","slug":"staliaus-spaustuvai-automatiniai-60x160mm","status":"publish","type":"product","link":"https:\/\/irankiuzona.lt\/ru\/product\/staliaus-spaustuvai-automatiniai-60x160mm\/","title":{"rendered":"Staliaus spaustuvai automatiniai 60x160mm"},"content":{"rendered":"<p>. patvarus, stabilus, profiliuotas plieninis b\u0117gis;. judantys \u017eandikauliai ir laipsni\u0161kas u\u017erakinimo mechanizmas u\u017etikrina puik\u0173 prigludim\u0105\u012f apdorojam\u0105 med\u017eiag\u0105;. metalin\u0117 rankena;. tikslus valdymas viena ranka.<\/p>","protected":false},"excerpt":{"rendered":"<p>Staliaus spaustuvai automatiniai 60x160mm<\/p>","protected":false},"featured_media":258859,"comment_status":"open","ping_status":"open","template":"","meta":[],"product_cat":[9485],"product_tag":[9969],"class_list":{"0":"post-258857","1":"product","2":"type-product","3":"status-publish","4":"has-post-thumbnail","6":"product_brand-hogert-technik-vokietija","7":"product_cat-staliaus-spaustuvai","8":"product_tag-hogert-technik-vokietija","10":"first","11":"instock","12":"purchasable","13":"product-type-simple"},"jetpack_sharing_enabled":true,"_links":{"self":[{"href":"https:\/\/irankiuzona.lt\/ru\/wp-json\/wp\/v2\/product\/258857","targetHints":{"allow":["GET"]}}],"collection":[{"href":"https:\/\/irankiuzona.lt\/ru\/wp-json\/wp\/v2\/product"}],"about":[{"href":"https:\/\/irankiuzona.lt\/ru\/wp-json\/wp\/v2\/types\/product"}],"replies":[{"embeddable":true,"href":"https:\/\/irankiuzona.lt\/ru\/wp-json\/wp\/v2\/comments?post=258857"}],"version-history":[{"count":1,"href":"https:\/\/irankiuzona.lt\/ru\/wp-json\/wp\/v2\/product\/258857\/revisions"}],"predecessor-version":[{"id":421425,"href":"https:\/\/irankiuzona.lt\/ru\/wp-json\/wp\/v2\/product\/258857\/revisions\/421425"}],"wp:featuredmedia":[{"embeddable":true,"href":"https:\/\/irankiuzona.lt\/ru\/wp-json\/wp\/v2\/media\/258859"}],"wp:attachment":[{"href":"https:\/\/irankiuzona.lt\/ru\/wp-json\/wp\/v2\/media?parent=258857"}],"wp:term":[{"taxonomy":"product_cat","embeddable":true,"href":"https:\/\/irankiuzona.lt\/ru\/wp-json\/wp\/v2\/product_cat?post=258857"},{"taxonomy":"product_tag","embeddable":true,"href":"https:\/\/irankiuzona.lt\/ru\/wp-json\/wp\/v2\/product_tag?post=258857"}],"curies":[{"name":"wp","href":"https:\/\/api.w.org\/{rel}","templated":true}]}}