{"id":258869,"date":"2024-09-29T12:00:25","date_gmt":"2024-09-29T12:00:25","guid":{"rendered":"https:\/\/irankiuzona.lt\/product\/rieboksliu-montavimo-k-tas-10vnt\/"},"modified":"2026-04-14T18:37:59","modified_gmt":"2026-04-14T18:37:59","slug":"rieboksliu-montavimo-k-tas-10vnt","status":"publish","type":"product","link":"https:\/\/irankiuzona.lt\/ru\/product\/rieboksliu-montavimo-k-tas-10vnt\/","title":{"rendered":"Riebok\u0161li\u0173 montavimo k-tas 10vnt."},"content":{"rendered":"<p>1 x Smeigtukas L 130mm \u00d8 14mm9 dyd\u017ei\u0173 adapteriai: 40, 44, 50, 59, 62, 65, 72, 76, 81 mmVidin\u0117s disko angos skersmuo : \u00d8 14mm<\/p>","protected":false},"excerpt":{"rendered":"<p>Riebok\u0161li\u0173 montavimo k-tas 10vnt.<\/p>","protected":false},"featured_media":258871,"comment_status":"open","ping_status":"open","template":"","meta":[],"product_cat":[9730],"product_tag":[10151],"class_list":{"0":"post-258869","1":"product","2":"type-product","3":"status-publish","4":"has-post-thumbnail","6":"product_brand-lenkija-tiekejas","7":"product_cat-irankiai-rieboksliams","8":"product_tag-lenkija-tiekejas","10":"first","11":"outofstock","12":"purchasable","13":"product-type-simple"},"jetpack_sharing_enabled":true,"_links":{"self":[{"href":"https:\/\/irankiuzona.lt\/ru\/wp-json\/wp\/v2\/product\/258869","targetHints":{"allow":["GET"]}}],"collection":[{"href":"https:\/\/irankiuzona.lt\/ru\/wp-json\/wp\/v2\/product"}],"about":[{"href":"https:\/\/irankiuzona.lt\/ru\/wp-json\/wp\/v2\/types\/product"}],"replies":[{"embeddable":true,"href":"https:\/\/irankiuzona.lt\/ru\/wp-json\/wp\/v2\/comments?post=258869"}],"version-history":[{"count":1,"href":"https:\/\/irankiuzona.lt\/ru\/wp-json\/wp\/v2\/product\/258869\/revisions"}],"predecessor-version":[{"id":421429,"href":"https:\/\/irankiuzona.lt\/ru\/wp-json\/wp\/v2\/product\/258869\/revisions\/421429"}],"wp:featuredmedia":[{"embeddable":true,"href":"https:\/\/irankiuzona.lt\/ru\/wp-json\/wp\/v2\/media\/258871"}],"wp:attachment":[{"href":"https:\/\/irankiuzona.lt\/ru\/wp-json\/wp\/v2\/media?parent=258869"}],"wp:term":[{"taxonomy":"product_cat","embeddable":true,"href":"https:\/\/irankiuzona.lt\/ru\/wp-json\/wp\/v2\/product_cat?post=258869"},{"taxonomy":"product_tag","embeddable":true,"href":"https:\/\/irankiuzona.lt\/ru\/wp-json\/wp\/v2\/product_tag?post=258869"}],"curies":[{"name":"wp","href":"https:\/\/api.w.org\/{rel}","templated":true}]}}