{"id":258901,"date":"2024-09-29T12:00:27","date_gmt":"2024-09-29T12:00:27","guid":{"rendered":"https:\/\/irankiuzona.lt\/product\/stabdziu-suportu-remonto-komplektas-12daliu\/"},"modified":"2026-05-09T21:55:00","modified_gmt":"2026-05-09T21:55:00","slug":"stabdziu-suportu-remonto-komplektas-12daliu","status":"publish","type":"product","link":"https:\/\/irankiuzona.lt\/ru\/product\/stabdziu-suportu-remonto-komplektas-12daliu\/","title":{"rendered":"Stabd\u017ei\u0173 suport\u0173 remonto komplektas 12dali\u0173"},"content":{"rendered":"<p>Profesionalus 12 dali\u0173 rinkinys, skirtas stabd\u017ei\u0173 sistemos cilindr\u0173 st\u016bmokli\u0173 \u012ftraukimui\/suspaudimui, b\u016btinas remontuojant transporto priemones su diskiniais stabd\u017eiais.11 adapteri\u0173, pritaikyt\u0173 prie stabd\u017ei\u0173 st\u016bmokli\u0173 dyd\u017ei\u0173, naudojam\u0173:Audi, Fiat, Ford, Isuzu, Honda, Jaguar, BMW, Mercedes Benz, Mitsubishi, Nissan, Toyota, Renault, Volvo, Citroen, Opel, SAAB, GM ir VW<br \/>\nRinkin\u012f sudaro:<br \/>\n1X\u00a0spaud\u0117jas1X\u00a0spaudimo juosta\u00a010X adapteriai<\/p>","protected":false},"excerpt":{"rendered":"<p>Stabd\u017ei\u0173 suport\u0173 remonto komplektas 12dali\u0173<\/p>","protected":false},"featured_media":258903,"comment_status":"open","ping_status":"open","template":"","meta":[],"product_cat":[9540],"product_tag":[10151],"class_list":{"0":"post-258901","1":"product","2":"type-product","3":"status-publish","4":"has-post-thumbnail","6":"product_brand-lenkija-tiekejas","7":"product_cat-suportu-remonto-irankiai","8":"product_tag-lenkija-tiekejas","10":"first","11":"outofstock","12":"purchasable","13":"product-type-simple"},"jetpack_sharing_enabled":true,"_links":{"self":[{"href":"https:\/\/irankiuzona.lt\/ru\/wp-json\/wp\/v2\/product\/258901","targetHints":{"allow":["GET"]}}],"collection":[{"href":"https:\/\/irankiuzona.lt\/ru\/wp-json\/wp\/v2\/product"}],"about":[{"href":"https:\/\/irankiuzona.lt\/ru\/wp-json\/wp\/v2\/types\/product"}],"replies":[{"embeddable":true,"href":"https:\/\/irankiuzona.lt\/ru\/wp-json\/wp\/v2\/comments?post=258901"}],"version-history":[{"count":1,"href":"https:\/\/irankiuzona.lt\/ru\/wp-json\/wp\/v2\/product\/258901\/revisions"}],"predecessor-version":[{"id":421440,"href":"https:\/\/irankiuzona.lt\/ru\/wp-json\/wp\/v2\/product\/258901\/revisions\/421440"}],"wp:featuredmedia":[{"embeddable":true,"href":"https:\/\/irankiuzona.lt\/ru\/wp-json\/wp\/v2\/media\/258903"}],"wp:attachment":[{"href":"https:\/\/irankiuzona.lt\/ru\/wp-json\/wp\/v2\/media?parent=258901"}],"wp:term":[{"taxonomy":"product_cat","embeddable":true,"href":"https:\/\/irankiuzona.lt\/ru\/wp-json\/wp\/v2\/product_cat?post=258901"},{"taxonomy":"product_tag","embeddable":true,"href":"https:\/\/irankiuzona.lt\/ru\/wp-json\/wp\/v2\/product_tag?post=258901"}],"curies":[{"name":"wp","href":"https:\/\/api.w.org\/{rel}","templated":true}]}}