{"id":258931,"date":"2024-09-29T12:00:32","date_gmt":"2024-09-29T12:00:32","guid":{"rendered":"https:\/\/irankiuzona.lt\/product\/pompa-tepalams-105-l\/"},"modified":"2026-05-13T22:59:02","modified_gmt":"2026-05-13T22:59:02","slug":"pompa-tepalams-105-l","status":"publish","type":"product","link":"https:\/\/irankiuzona.lt\/ru\/product\/pompa-tepalams-105-l\/","title":{"rendered":"Pompa tepalams 10,5 l."},"content":{"rendered":"<p>Mobilus, lengvai naudojamas alyvos siurblys, kurio bako talpa 10,5 litro.<br \/>\nRankinis, pneumatinis siurblys leid\u017eia \u012fsiurbti ma\u017eo klampumo skys\u010dius, \u012fskaitant variklio alyv\u0105, pavar\u0173 d\u0117\u017e\u0117s alyv\u0105, au\u0161inimo skyst\u012f, vairo stiprintuv\u0105, stabd\u017ei\u0173 skyst\u012f.<br \/>\nBako talpa: 10,5LSiurbimo auk\u0161tis: 600 mmZondas su matmenimis:4x6x850 mm5x7x850 mm10x8x1000 mm<\/p>","protected":false},"excerpt":{"rendered":"<p>Pompa tepalams 10,5 l.<\/p>","protected":false},"featured_media":258933,"comment_status":"open","ping_status":"open","template":"","meta":[],"product_cat":[9571],"product_tag":[10151],"class_list":{"0":"post-258931","1":"product","2":"type-product","3":"status-publish","4":"has-post-thumbnail","6":"product_brand-lenkija-tiekejas","7":"product_cat-pompos-alyvai-degalams-sifonai","8":"product_tag-lenkija-tiekejas","10":"first","11":"instock","12":"purchasable","13":"product-type-simple"},"jetpack_sharing_enabled":true,"_links":{"self":[{"href":"https:\/\/irankiuzona.lt\/ru\/wp-json\/wp\/v2\/product\/258931","targetHints":{"allow":["GET"]}}],"collection":[{"href":"https:\/\/irankiuzona.lt\/ru\/wp-json\/wp\/v2\/product"}],"about":[{"href":"https:\/\/irankiuzona.lt\/ru\/wp-json\/wp\/v2\/types\/product"}],"replies":[{"embeddable":true,"href":"https:\/\/irankiuzona.lt\/ru\/wp-json\/wp\/v2\/comments?post=258931"}],"version-history":[{"count":1,"href":"https:\/\/irankiuzona.lt\/ru\/wp-json\/wp\/v2\/product\/258931\/revisions"}],"predecessor-version":[{"id":421450,"href":"https:\/\/irankiuzona.lt\/ru\/wp-json\/wp\/v2\/product\/258931\/revisions\/421450"}],"wp:featuredmedia":[{"embeddable":true,"href":"https:\/\/irankiuzona.lt\/ru\/wp-json\/wp\/v2\/media\/258933"}],"wp:attachment":[{"href":"https:\/\/irankiuzona.lt\/ru\/wp-json\/wp\/v2\/media?parent=258931"}],"wp:term":[{"taxonomy":"product_cat","embeddable":true,"href":"https:\/\/irankiuzona.lt\/ru\/wp-json\/wp\/v2\/product_cat?post=258931"},{"taxonomy":"product_tag","embeddable":true,"href":"https:\/\/irankiuzona.lt\/ru\/wp-json\/wp\/v2\/product_tag?post=258931"}],"curies":[{"name":"wp","href":"https:\/\/api.w.org\/{rel}","templated":true}]}}