{"id":258946,"date":"2024-09-29T12:00:34","date_gmt":"2024-09-29T12:00:34","guid":{"rendered":"https:\/\/irankiuzona.lt\/product\/guoliu-presavimo-komplektas-52vnt\/"},"modified":"2026-05-16T06:18:07","modified_gmt":"2026-05-16T06:18:07","slug":"guoliu-presavimo-komplektas-52vnt","status":"publish","type":"product","link":"https:\/\/irankiuzona.lt\/ru\/product\/guoliu-presavimo-komplektas-52vnt\/","title":{"rendered":"Guoli\u0173 presavimo komplektas 52vnt."},"content":{"rendered":"<p>\u012e komplekt\u0105 \u012feina:<br \/>\nperforatorius, 225 mm ilgioadapteriai, kuri\u0173 skersmuo nuo 18 mm iki 65 mm &#8211; 48 vienetai kas 1 mm, kuri\u0173 kiekvieno storis 12 mmadapteris, kurio skersmuo 74 mm ir storis 15 mm.45 mm ilgio perforatoriaus prailginimas<br \/>\n\u0161e\u0161iakampis raktas<\/p>","protected":false},"excerpt":{"rendered":"<p>Presavimo adapteri\u0173 komplektas 52vnt.<\/p>","protected":false},"featured_media":258948,"comment_status":"open","ping_status":"open","template":"","meta":[],"product_cat":[9731],"product_tag":[10151],"class_list":{"0":"post-258946","1":"product","2":"type-product","3":"status-publish","4":"has-post-thumbnail","6":"product_brand-lenkija-tiekejas","7":"product_cat-guoliu-sailentbloku-presavimo-irankiai","8":"product_tag-lenkija-tiekejas","10":"first","11":"outofstock","12":"purchasable","13":"product-type-simple"},"jetpack_sharing_enabled":true,"_links":{"self":[{"href":"https:\/\/irankiuzona.lt\/ru\/wp-json\/wp\/v2\/product\/258946","targetHints":{"allow":["GET"]}}],"collection":[{"href":"https:\/\/irankiuzona.lt\/ru\/wp-json\/wp\/v2\/product"}],"about":[{"href":"https:\/\/irankiuzona.lt\/ru\/wp-json\/wp\/v2\/types\/product"}],"replies":[{"embeddable":true,"href":"https:\/\/irankiuzona.lt\/ru\/wp-json\/wp\/v2\/comments?post=258946"}],"version-history":[{"count":1,"href":"https:\/\/irankiuzona.lt\/ru\/wp-json\/wp\/v2\/product\/258946\/revisions"}],"predecessor-version":[{"id":421455,"href":"https:\/\/irankiuzona.lt\/ru\/wp-json\/wp\/v2\/product\/258946\/revisions\/421455"}],"wp:featuredmedia":[{"embeddable":true,"href":"https:\/\/irankiuzona.lt\/ru\/wp-json\/wp\/v2\/media\/258948"}],"wp:attachment":[{"href":"https:\/\/irankiuzona.lt\/ru\/wp-json\/wp\/v2\/media?parent=258946"}],"wp:term":[{"taxonomy":"product_cat","embeddable":true,"href":"https:\/\/irankiuzona.lt\/ru\/wp-json\/wp\/v2\/product_cat?post=258946"},{"taxonomy":"product_tag","embeddable":true,"href":"https:\/\/irankiuzona.lt\/ru\/wp-json\/wp\/v2\/product_tag?post=258946"}],"curies":[{"name":"wp","href":"https:\/\/api.w.org\/{rel}","templated":true}]}}