{"id":258964,"date":"2024-09-29T12:00:39","date_gmt":"2024-09-29T12:00:39","guid":{"rendered":"https:\/\/irankiuzona.lt\/product\/vezimas-dvieju-ratu-250kg\/"},"modified":"2026-04-10T23:53:32","modified_gmt":"2026-04-10T23:53:32","slug":"vezimas-dvieju-ratu-250kg","status":"publish","type":"product","link":"https:\/\/irankiuzona.lt\/ru\/product\/vezimas-dvieju-ratu-250kg\/","title":{"rendered":"Ve\u017eimas dviej\u0173 rat\u0173 250kg"},"content":{"rendered":"<p>2 rat\u0173 transportavimo ve\u017eim\u0117lis, skirtas ve\u017eti krovinius, kuri\u0173 did\u017eiausias svoris yra iki 250 kg,Tvirta konstrukcija, pagaminta i\u0161 metalo,Ratai: guminiai,Gumin\u0117s rankenos<\/p>","protected":false},"excerpt":{"rendered":"<p>Ve\u017eimas dviej\u0173 rat\u0173 250kg<\/p>","protected":false},"featured_media":258966,"comment_status":"open","ping_status":"open","template":"","meta":[],"product_cat":[9670],"product_tag":[9646],"class_list":{"0":"post-258964","1":"product","2":"type-product","3":"status-publish","4":"has-post-thumbnail","6":"product_brand-drel-lenkija","7":"product_cat-transportavimo-vezimai","8":"product_tag-drel-lenkija","10":"first","11":"instock","12":"purchasable","13":"product-type-simple"},"jetpack_sharing_enabled":true,"_links":{"self":[{"href":"https:\/\/irankiuzona.lt\/ru\/wp-json\/wp\/v2\/product\/258964","targetHints":{"allow":["GET"]}}],"collection":[{"href":"https:\/\/irankiuzona.lt\/ru\/wp-json\/wp\/v2\/product"}],"about":[{"href":"https:\/\/irankiuzona.lt\/ru\/wp-json\/wp\/v2\/types\/product"}],"replies":[{"embeddable":true,"href":"https:\/\/irankiuzona.lt\/ru\/wp-json\/wp\/v2\/comments?post=258964"}],"version-history":[{"count":1,"href":"https:\/\/irankiuzona.lt\/ru\/wp-json\/wp\/v2\/product\/258964\/revisions"}],"predecessor-version":[{"id":421461,"href":"https:\/\/irankiuzona.lt\/ru\/wp-json\/wp\/v2\/product\/258964\/revisions\/421461"}],"wp:featuredmedia":[{"embeddable":true,"href":"https:\/\/irankiuzona.lt\/ru\/wp-json\/wp\/v2\/media\/258966"}],"wp:attachment":[{"href":"https:\/\/irankiuzona.lt\/ru\/wp-json\/wp\/v2\/media?parent=258964"}],"wp:term":[{"taxonomy":"product_cat","embeddable":true,"href":"https:\/\/irankiuzona.lt\/ru\/wp-json\/wp\/v2\/product_cat?post=258964"},{"taxonomy":"product_tag","embeddable":true,"href":"https:\/\/irankiuzona.lt\/ru\/wp-json\/wp\/v2\/product_tag?post=258964"}],"curies":[{"name":"wp","href":"https:\/\/api.w.org\/{rel}","templated":true}]}}