{"id":258982,"date":"2024-09-29T12:00:41","date_gmt":"2024-09-29T12:00:41","guid":{"rendered":"https:\/\/irankiuzona.lt\/product\/vamzdziu-raktas-reguliuojamas-250mm\/"},"modified":"2026-04-13T17:58:45","modified_gmt":"2026-04-13T17:58:45","slug":"vamzdziu-raktas-reguliuojamas-250mm","status":"publish","type":"product","link":"https:\/\/irankiuzona.lt\/ru\/product\/vamzdziu-raktas-reguliuojamas-250mm\/","title":{"rendered":"Vamzd\u017ei\u0173 raktas, reguliuojamas 250mm"},"content":{"rendered":"<p>Ilgis: 250mmVer\u017eliaraktis yra pagamintas i\u0161 chromo vanad\u017eio plieno.Patogi rankena i\u0161 neslid\u017eios med\u017eiagos, kurios d\u0117ka puikiai telpa rankoje ir yra labai tvirta.<\/p>","protected":false},"excerpt":{"rendered":"<p>Vamzd\u017ei\u0173 raktas, reguliuojamas 250mm<\/p>","protected":false},"featured_media":258984,"comment_status":"open","ping_status":"open","template":"","meta":[],"product_cat":[9995],"product_tag":[9628],"class_list":{"0":"post-258982","1":"product","2":"type-product","3":"status-publish","4":"has-post-thumbnail","6":"product_brand-condor-lenkija","7":"product_cat-reples-repliu-komplektai-zirkles-skardai-specializuotos-reples","8":"product_tag-condor-lenkija","10":"first","11":"instock","12":"purchasable","13":"product-type-simple"},"jetpack_sharing_enabled":true,"_links":{"self":[{"href":"https:\/\/irankiuzona.lt\/ru\/wp-json\/wp\/v2\/product\/258982","targetHints":{"allow":["GET"]}}],"collection":[{"href":"https:\/\/irankiuzona.lt\/ru\/wp-json\/wp\/v2\/product"}],"about":[{"href":"https:\/\/irankiuzona.lt\/ru\/wp-json\/wp\/v2\/types\/product"}],"replies":[{"embeddable":true,"href":"https:\/\/irankiuzona.lt\/ru\/wp-json\/wp\/v2\/comments?post=258982"}],"version-history":[{"count":1,"href":"https:\/\/irankiuzona.lt\/ru\/wp-json\/wp\/v2\/product\/258982\/revisions"}],"predecessor-version":[{"id":421467,"href":"https:\/\/irankiuzona.lt\/ru\/wp-json\/wp\/v2\/product\/258982\/revisions\/421467"}],"wp:featuredmedia":[{"embeddable":true,"href":"https:\/\/irankiuzona.lt\/ru\/wp-json\/wp\/v2\/media\/258984"}],"wp:attachment":[{"href":"https:\/\/irankiuzona.lt\/ru\/wp-json\/wp\/v2\/media?parent=258982"}],"wp:term":[{"taxonomy":"product_cat","embeddable":true,"href":"https:\/\/irankiuzona.lt\/ru\/wp-json\/wp\/v2\/product_cat?post=258982"},{"taxonomy":"product_tag","embeddable":true,"href":"https:\/\/irankiuzona.lt\/ru\/wp-json\/wp\/v2\/product_tag?post=258982"}],"curies":[{"name":"wp","href":"https:\/\/api.w.org\/{rel}","templated":true}]}}