{"id":259063,"date":"2024-09-29T12:00:50","date_gmt":"2024-09-29T12:00:50","guid":{"rendered":"https:\/\/irankiuzona.lt\/product\/irankiai-magnetoloms-ir-uzvedimo-spynelems-isimti\/"},"modified":"2026-04-10T10:54:50","modified_gmt":"2026-04-10T10:54:50","slug":"irankiai-magnetoloms-ir-uzvedimo-spynelems-isimti","status":"publish","type":"product","link":"https:\/\/irankiuzona.lt\/ru\/product\/irankiai-magnetoloms-ir-uzvedimo-spynelems-isimti\/","title":{"rendered":"\u012erankiai magnetoloms ir u\u017evedimo spynel\u0117ms i\u0161imti"},"content":{"rendered":"","protected":false},"excerpt":{"rendered":"<p>\u012erankiai magnetoloms ir u\u017evedimo spynel\u0117ms i\u0161imti<\/p>","protected":false},"featured_media":259065,"comment_status":"open","ping_status":"open","template":"","meta":[],"product_cat":[9529],"product_tag":[9435],"class_list":{"0":"post-259063","1":"product","2":"type-product","3":"status-publish","4":"has-post-thumbnail","6":"product_brand-kinija","7":"product_cat-irankiai-apdailos-ardymui","8":"product_tag-kinija","10":"first","11":"outofstock","12":"purchasable","13":"product-type-simple"},"jetpack_sharing_enabled":true,"_links":{"self":[{"href":"https:\/\/irankiuzona.lt\/ru\/wp-json\/wp\/v2\/product\/259063","targetHints":{"allow":["GET"]}}],"collection":[{"href":"https:\/\/irankiuzona.lt\/ru\/wp-json\/wp\/v2\/product"}],"about":[{"href":"https:\/\/irankiuzona.lt\/ru\/wp-json\/wp\/v2\/types\/product"}],"replies":[{"embeddable":true,"href":"https:\/\/irankiuzona.lt\/ru\/wp-json\/wp\/v2\/comments?post=259063"}],"version-history":[{"count":1,"href":"https:\/\/irankiuzona.lt\/ru\/wp-json\/wp\/v2\/product\/259063\/revisions"}],"predecessor-version":[{"id":421490,"href":"https:\/\/irankiuzona.lt\/ru\/wp-json\/wp\/v2\/product\/259063\/revisions\/421490"}],"wp:featuredmedia":[{"embeddable":true,"href":"https:\/\/irankiuzona.lt\/ru\/wp-json\/wp\/v2\/media\/259065"}],"wp:attachment":[{"href":"https:\/\/irankiuzona.lt\/ru\/wp-json\/wp\/v2\/media?parent=259063"}],"wp:term":[{"taxonomy":"product_cat","embeddable":true,"href":"https:\/\/irankiuzona.lt\/ru\/wp-json\/wp\/v2\/product_cat?post=259063"},{"taxonomy":"product_tag","embeddable":true,"href":"https:\/\/irankiuzona.lt\/ru\/wp-json\/wp\/v2\/product_tag?post=259063"}],"curies":[{"name":"wp","href":"https:\/\/api.w.org\/{rel}","templated":true}]}}