{"id":259069,"date":"2024-09-29T12:00:51","date_gmt":"2024-09-29T12:00:51","guid":{"rendered":"https:\/\/irankiuzona.lt\/product\/sviestuvas-nesiojamas-cob-15w-pakraunama\/"},"modified":"2026-03-03T13:20:24","modified_gmt":"2026-03-03T13:20:24","slug":"sviestuvas-nesiojamas-cob-15w-pakraunama","status":"publish","type":"product","link":"https:\/\/irankiuzona.lt\/ru\/product\/sviestuvas-nesiojamas-cob-15w-pakraunama\/","title":{"rendered":"\u0160viestuvas ne\u0161iojamas COB 15w pakraunama"},"content":{"rendered":"<p>Keturios skirting\u0173 spalv\u0173 temperat\u016bros &#8211; nuo neutralios baltos (6500 K) iki \u0161iltos baltos (2700 K)Ry\u0161kumas iki 1500 lmKeturi skirtingi re\u017eimai (20, 40, 60, 100 %)Gali pasisukti 360\u00b0 laipsni\u0173 kampuSu dviem magnetais ir trikojo stovo sriegiu2 vnt. plieniniai kabliukai\u012ekroviklio funkcija\u012ekrovos indikatoriusIPX4 atsparus vandeniui ir dulk\u0117msPatvari konstrukcija &#8211; aliuminio\/plastiko\/gumos korpuseBaterija 3,7 V 8000 mAh li\u010dio baterijosRy\u0161kumas 300 LM &#8211; 600 LM &#8211; 900 LM &#8211; 1500 LM,Veikimo laikas &#8211; 17 val., 9 val., 5 val. ir 3 val.Vienas raudonas SMD \u0161viesos diodas, skirtas raudonai arba nuolat raudonai (100 val.\/65 val.)Apa\u010dioje du magnetai ir du kabliukaiAtsparus vandeniui ir dulk\u0117ms, IPX 4Komplekte yra kabelis su C tipo USB\u012ekrovimo laikas 6 valandos \u012fkrovikliu 5 V 2AMatmenys 128 x 99,5 x 46 mm<br \/>\nSvoris 483 g<br \/>\nSvarbu!<br \/>\nPilnai \u012fkraukite pro\u017eektori\u0173 prie\u0161 prad\u0117dami naudotiPeriodi\u0161kai \u012fkraukite pro\u017eektori\u0173, jeigu jis buvo nenaudojamas ilgiau negu 3 m\u0117nesius<\/p>","protected":false},"excerpt":{"rendered":"<p>\u0160viestuvas ne\u0161iojamas COB 15w pakraunama<\/p>","protected":false},"featured_media":259071,"comment_status":"open","ping_status":"open","template":"","meta":[],"product_cat":[9916],"product_tag":[9435],"class_list":{"0":"post-259069","1":"product","2":"type-product","3":"status-publish","4":"has-post-thumbnail","6":"product_brand-kinija","7":"product_cat-sviestuvai-lempos-patalpoms","8":"product_tag-kinija","10":"first","11":"outofstock","12":"purchasable","13":"product-type-simple"},"jetpack_sharing_enabled":true,"_links":{"self":[{"href":"https:\/\/irankiuzona.lt\/ru\/wp-json\/wp\/v2\/product\/259069","targetHints":{"allow":["GET"]}}],"collection":[{"href":"https:\/\/irankiuzona.lt\/ru\/wp-json\/wp\/v2\/product"}],"about":[{"href":"https:\/\/irankiuzona.lt\/ru\/wp-json\/wp\/v2\/types\/product"}],"replies":[{"embeddable":true,"href":"https:\/\/irankiuzona.lt\/ru\/wp-json\/wp\/v2\/comments?post=259069"}],"version-history":[{"count":0,"href":"https:\/\/irankiuzona.lt\/ru\/wp-json\/wp\/v2\/product\/259069\/revisions"}],"wp:featuredmedia":[{"embeddable":true,"href":"https:\/\/irankiuzona.lt\/ru\/wp-json\/wp\/v2\/media\/259071"}],"wp:attachment":[{"href":"https:\/\/irankiuzona.lt\/ru\/wp-json\/wp\/v2\/media?parent=259069"}],"wp:term":[{"taxonomy":"product_cat","embeddable":true,"href":"https:\/\/irankiuzona.lt\/ru\/wp-json\/wp\/v2\/product_cat?post=259069"},{"taxonomy":"product_tag","embeddable":true,"href":"https:\/\/irankiuzona.lt\/ru\/wp-json\/wp\/v2\/product_tag?post=259069"}],"curies":[{"name":"wp","href":"https:\/\/api.w.org\/{rel}","templated":true}]}}