{"id":259090,"date":"2024-09-29T12:00:53","date_gmt":"2024-09-29T12:00:53","guid":{"rendered":"https:\/\/irankiuzona.lt\/product\/graztu-ir-kaltu-komplektas-sds-plus-17vnt\/"},"modified":"2026-04-10T19:14:30","modified_gmt":"2026-04-10T19:14:30","slug":"graztu-ir-kaltu-komplektas-sds-plus-17vnt","status":"publish","type":"product","link":"https:\/\/irankiuzona.lt\/ru\/product\/graztu-ir-kaltu-komplektas-sds-plus-17vnt\/","title":{"rendered":"Gr\u0105\u017et\u0173 ir kalt\u0173 komplektas  SDS PLUS 17vnt."},"content":{"rendered":"<p>SDS + laikiklis13 vnt. SDS rinkinys + gr\u0105\u017etai: 5&#215;110 mm, 6&#215;110 mm, 7&#215;110 mm, 8&#215;110 mm, 5&#215;160 mm, 6&#215;160 mm, 7&#215;160 mm, 8&#215;160 mm, 10&#215;160 mm, 8&#215;160 mm, 10&#215;160 mm, 8&#215;260 mm, 6&#215;20 mm, 20 mm4 kaltai: smailus kaltas, plok\u0161\u010dias kaltas 20&#215;250 mm, plok\u0161\u010dias kaltas 40&#215;250 mm, kaltas grioveliams<\/p>","protected":false},"excerpt":{"rendered":"<p>Gr\u0105\u017et\u0173 ir kalt\u0173 komplektas\u00a0 SDS PLUS 17vnt.<\/p>","protected":false},"featured_media":259092,"comment_status":"open","ping_status":"open","template":"","meta":[],"product_cat":[9996],"product_tag":[10087],"class_list":{"0":"post-259090","1":"product","2":"type-product","3":"status-publish","4":"has-post-thumbnail","6":"product_brand-verke","7":"product_cat-ismusimo-iskalimo-irankiai-kaltai-ismusikliai-zymekliai-centravimo-irankiai","8":"product_tag-verke","10":"first","11":"instock","12":"purchasable","13":"product-type-simple"},"jetpack_sharing_enabled":true,"_links":{"self":[{"href":"https:\/\/irankiuzona.lt\/ru\/wp-json\/wp\/v2\/product\/259090","targetHints":{"allow":["GET"]}}],"collection":[{"href":"https:\/\/irankiuzona.lt\/ru\/wp-json\/wp\/v2\/product"}],"about":[{"href":"https:\/\/irankiuzona.lt\/ru\/wp-json\/wp\/v2\/types\/product"}],"replies":[{"embeddable":true,"href":"https:\/\/irankiuzona.lt\/ru\/wp-json\/wp\/v2\/comments?post=259090"}],"version-history":[{"count":1,"href":"https:\/\/irankiuzona.lt\/ru\/wp-json\/wp\/v2\/product\/259090\/revisions"}],"predecessor-version":[{"id":421498,"href":"https:\/\/irankiuzona.lt\/ru\/wp-json\/wp\/v2\/product\/259090\/revisions\/421498"}],"wp:featuredmedia":[{"embeddable":true,"href":"https:\/\/irankiuzona.lt\/ru\/wp-json\/wp\/v2\/media\/259092"}],"wp:attachment":[{"href":"https:\/\/irankiuzona.lt\/ru\/wp-json\/wp\/v2\/media?parent=259090"}],"wp:term":[{"taxonomy":"product_cat","embeddable":true,"href":"https:\/\/irankiuzona.lt\/ru\/wp-json\/wp\/v2\/product_cat?post=259090"},{"taxonomy":"product_tag","embeddable":true,"href":"https:\/\/irankiuzona.lt\/ru\/wp-json\/wp\/v2\/product_tag?post=259090"}],"curies":[{"name":"wp","href":"https:\/\/api.w.org\/{rel}","templated":true}]}}