{"id":259096,"date":"2024-09-29T12:00:54","date_gmt":"2024-09-29T12:00:54","guid":{"rendered":"https:\/\/irankiuzona.lt\/product\/manometras-padangu-slegiui-0-15-bar\/"},"modified":"2026-04-10T19:14:30","modified_gmt":"2026-04-10T19:14:30","slug":"manometras-padangu-slegiui-0-15-bar","status":"publish","type":"product","link":"https:\/\/irankiuzona.lt\/ru\/product\/manometras-padangu-slegiui-0-15-bar\/","title":{"rendered":"Manometras padang\u0173 sl\u0117giui 0-15 bar"},"content":{"rendered":"<p>Padang\u0173 sl\u0117gio matuoklis. Matavimo diapazonas iki 0-15 bar\u0173. Visas ilgis 222 mm.<\/p>","protected":false},"excerpt":{"rendered":"<p>Manometras padang\u0173 sl\u0117giui 0-15 bar<\/p>","protected":false},"featured_media":259098,"comment_status":"open","ping_status":"open","template":"","meta":[],"product_cat":[9472],"product_tag":[10087],"class_list":{"0":"post-259096","1":"product","2":"type-product","3":"status-publish","4":"has-post-thumbnail","6":"product_brand-verke","7":"product_cat-pistoletai-padangu-putimui","8":"product_tag-verke","10":"first","11":"instock","12":"purchasable","13":"product-type-simple"},"jetpack_sharing_enabled":true,"_links":{"self":[{"href":"https:\/\/irankiuzona.lt\/ru\/wp-json\/wp\/v2\/product\/259096","targetHints":{"allow":["GET"]}}],"collection":[{"href":"https:\/\/irankiuzona.lt\/ru\/wp-json\/wp\/v2\/product"}],"about":[{"href":"https:\/\/irankiuzona.lt\/ru\/wp-json\/wp\/v2\/types\/product"}],"replies":[{"embeddable":true,"href":"https:\/\/irankiuzona.lt\/ru\/wp-json\/wp\/v2\/comments?post=259096"}],"version-history":[{"count":1,"href":"https:\/\/irankiuzona.lt\/ru\/wp-json\/wp\/v2\/product\/259096\/revisions"}],"predecessor-version":[{"id":421500,"href":"https:\/\/irankiuzona.lt\/ru\/wp-json\/wp\/v2\/product\/259096\/revisions\/421500"}],"wp:featuredmedia":[{"embeddable":true,"href":"https:\/\/irankiuzona.lt\/ru\/wp-json\/wp\/v2\/media\/259098"}],"wp:attachment":[{"href":"https:\/\/irankiuzona.lt\/ru\/wp-json\/wp\/v2\/media?parent=259096"}],"wp:term":[{"taxonomy":"product_cat","embeddable":true,"href":"https:\/\/irankiuzona.lt\/ru\/wp-json\/wp\/v2\/product_cat?post=259096"},{"taxonomy":"product_tag","embeddable":true,"href":"https:\/\/irankiuzona.lt\/ru\/wp-json\/wp\/v2\/product_tag?post=259096"}],"curies":[{"name":"wp","href":"https:\/\/api.w.org\/{rel}","templated":true}]}}