{"id":259123,"date":"2024-09-29T12:00:57","date_gmt":"2024-09-29T12:00:57","guid":{"rendered":"https:\/\/irankiuzona.lt\/product\/galastuvas-kombi-150-200mm-250w\/"},"modified":"2026-05-09T04:54:05","modified_gmt":"2026-05-09T04:54:05","slug":"galastuvas-kombi-150-200mm-250w","status":"publish","type":"product","link":"https:\/\/irankiuzona.lt\/ru\/product\/galastuvas-kombi-150-200mm-250w\/","title":{"rendered":"Gal\u0105stuvas kombi 150\/200mm 250W"},"content":{"rendered":"<p>\u012ftampa &#8211; 230 Vgalia &#8211; 250 Wskydo dydis (sausa eiga) &#8211; 150x20x12,7disko dydis (darbas \u0161lapiu b\u016bdu) &#8211; 200x40x20triuk\u0161mo lygis -75 dBAsukimosi greitis sausas darbas &#8211; 2950 aps.\/minsukimosi greitis \u0161lapias darbas &#8211; 134 aps.\/min<\/p>","protected":false},"excerpt":{"rendered":"<p>Gal\u0105stuvas kombi 150\/200mm 250W<\/p>","protected":false},"featured_media":259125,"comment_status":"open","ping_status":"open","template":"","meta":[],"product_cat":[10081],"product_tag":[10087],"class_list":{"0":"post-259123","1":"product","2":"type-product","3":"status-publish","4":"has-post-thumbnail","6":"product_brand-verke","7":"product_cat-elektriniai-galastuvai","8":"product_tag-verke","10":"first","11":"instock","12":"purchasable","13":"product-type-simple"},"jetpack_sharing_enabled":true,"_links":{"self":[{"href":"https:\/\/irankiuzona.lt\/ru\/wp-json\/wp\/v2\/product\/259123","targetHints":{"allow":["GET"]}}],"collection":[{"href":"https:\/\/irankiuzona.lt\/ru\/wp-json\/wp\/v2\/product"}],"about":[{"href":"https:\/\/irankiuzona.lt\/ru\/wp-json\/wp\/v2\/types\/product"}],"replies":[{"embeddable":true,"href":"https:\/\/irankiuzona.lt\/ru\/wp-json\/wp\/v2\/comments?post=259123"}],"version-history":[{"count":1,"href":"https:\/\/irankiuzona.lt\/ru\/wp-json\/wp\/v2\/product\/259123\/revisions"}],"predecessor-version":[{"id":421509,"href":"https:\/\/irankiuzona.lt\/ru\/wp-json\/wp\/v2\/product\/259123\/revisions\/421509"}],"wp:featuredmedia":[{"embeddable":true,"href":"https:\/\/irankiuzona.lt\/ru\/wp-json\/wp\/v2\/media\/259125"}],"wp:attachment":[{"href":"https:\/\/irankiuzona.lt\/ru\/wp-json\/wp\/v2\/media?parent=259123"}],"wp:term":[{"taxonomy":"product_cat","embeddable":true,"href":"https:\/\/irankiuzona.lt\/ru\/wp-json\/wp\/v2\/product_cat?post=259123"},{"taxonomy":"product_tag","embeddable":true,"href":"https:\/\/irankiuzona.lt\/ru\/wp-json\/wp\/v2\/product_tag?post=259123"}],"curies":[{"name":"wp","href":"https:\/\/api.w.org\/{rel}","templated":true}]}}