{"id":259164,"date":"2024-09-29T12:01:01","date_gmt":"2024-09-29T12:01:01","guid":{"rendered":"https:\/\/irankiuzona.lt\/product\/juostinis-spaustuvas-4m\/"},"modified":"2026-04-07T19:25:32","modified_gmt":"2026-04-07T19:25:32","slug":"juostinis-spaustuvas-4m","status":"publish","type":"product","link":"https:\/\/irankiuzona.lt\/ru\/product\/juostinis-spaustuvas-4m\/","title":{"rendered":"Juostinis spaustuvas 4m"},"content":{"rendered":"<p>Spaustuvas su reguliuojamu dir\u017eeliu, 4m ilgio. Tinka dideliems, ilgiems ir beveik bet kokios formos daiktams. Reguliuojama rankena 90 laipsni\u0173 kampu spaustuko at\u017evilgiu.<\/p>","protected":false},"excerpt":{"rendered":"<p>Juostinis spaustuvas 4m<\/p>","protected":false},"featured_media":259166,"comment_status":"open","ping_status":"open","template":"","meta":[],"product_cat":[9720],"product_tag":[10087],"class_list":{"0":"post-259164","1":"product","2":"type-product","3":"status-publish","4":"has-post-thumbnail","6":"product_brand-verke","7":"product_cat-rankiniai-spaustuvai","8":"product_tag-verke","10":"first","11":"instock","12":"purchasable","13":"product-type-simple"},"jetpack_sharing_enabled":true,"_links":{"self":[{"href":"https:\/\/irankiuzona.lt\/ru\/wp-json\/wp\/v2\/product\/259164","targetHints":{"allow":["GET"]}}],"collection":[{"href":"https:\/\/irankiuzona.lt\/ru\/wp-json\/wp\/v2\/product"}],"about":[{"href":"https:\/\/irankiuzona.lt\/ru\/wp-json\/wp\/v2\/types\/product"}],"replies":[{"embeddable":true,"href":"https:\/\/irankiuzona.lt\/ru\/wp-json\/wp\/v2\/comments?post=259164"}],"version-history":[{"count":0,"href":"https:\/\/irankiuzona.lt\/ru\/wp-json\/wp\/v2\/product\/259164\/revisions"}],"wp:featuredmedia":[{"embeddable":true,"href":"https:\/\/irankiuzona.lt\/ru\/wp-json\/wp\/v2\/media\/259166"}],"wp:attachment":[{"href":"https:\/\/irankiuzona.lt\/ru\/wp-json\/wp\/v2\/media?parent=259164"}],"wp:term":[{"taxonomy":"product_cat","embeddable":true,"href":"https:\/\/irankiuzona.lt\/ru\/wp-json\/wp\/v2\/product_cat?post=259164"},{"taxonomy":"product_tag","embeddable":true,"href":"https:\/\/irankiuzona.lt\/ru\/wp-json\/wp\/v2\/product_tag?post=259164"}],"curies":[{"name":"wp","href":"https:\/\/api.w.org\/{rel}","templated":true}]}}